{"id":712,"date":"2023-10-02T16:58:10","date_gmt":"2023-10-02T16:58:10","guid":{"rendered":"https:\/\/www.crazy-bunny-ranch.de\/kontakt\/"},"modified":"2023-10-18T17:22:04","modified_gmt":"2023-10-18T17:22:04","slug":"kontakt","status":"publish","type":"page","link":"https:\/\/www.crazy-bunny-ranch.de\/tr\/kontakt\/","title":{"rendered":"Kontakt"},"content":{"rendered":"\t\t<div data-elementor-type=\"wp-page\" data-elementor-id=\"712\" class=\"elementor elementor-712 elementor-39\" data-elementor-post-type=\"page\">\n\t\t\t\t<div class=\"elementor-element elementor-element-a79fd04 e-flex e-con-boxed e-con e-parent\" data-id=\"a79fd04\" data-element_type=\"container\">\n\t\t\t\t\t<div class=\"e-con-inner\">\n\t\t\t\t<div class=\"elementor-element elementor-element-855d184 elementor-widget elementor-widget-Contactpagesettings\" data-id=\"855d184\" data-element_type=\"widget\" data-widget_type=\"Contactpagesettings.default\">\n\t\t\t\t<div class=\"elementor-widget-container\">\n\t\t\t\t\t\n        <style>\n            .page-template-parallax .psw-stage-outer {\n                padding-bottom: 0px !important;\n            }\n            .maps-address { position: unset; }\n            @media screen and (min-width: 40em) {\n                .page-template-parallax article:nth-child(2) {\n                    margin-top: 0px;\n                }\n            }\n            .wp-image-2335{\n                height: 50px !important;\n            }\n\n            .wpcf7-submit{\n                transition: background-color .25s ease-out,color .25s ease-out;\n                border-radius: 0;\n                padding: .85em 1em;\n                margin: 0 0 1rem;\n                    margin-bottom: 1rem;\n                font-size: .9rem;\n                background-color: 0;\n                color: #bf8c65;\n                border: none;\n            }\n\n         \n\n\n        <\/style>\n\n\n            <article class=\"row post-14 page type-page status-publish hentry\">\n                    <div class=\"column medium-4\">\n\n                      \n\n                        <h1 class=\"headline-main font-gradient hyphenate\">\n                            <span class=\"entry-title-primary\">E-posta<\/span> <span\n                                class=\"entry-subtitle\">CBR<\/span>\n                        <\/h1>\n                        <div class=\"post-content\">\n                            \n                            Bizimle ki\u015fisel olarak ileti\u015fime ge\u00e7mek mi istiyorsunuz yoksa <a title=\"berlin\" href=\"http:\/\/jobs\">i\u015f ilan\u0131m\u0131z<\/a> ile ilgileniyor musunuz? O zaman buradas\u0131n\na\u00e7\u0131k olarak.\n\n&nbsp;\n\nBiz bir \u00fcyesiyiz <br>\n\n<a href = \"\/\" target = \"_blank\" rel = \"noopener\"><img class = \"alignnone wp-image-2335\" src = \"\/wp-content\/uploads\/2023\/10\/bsd.jpg\" alt= \"\" geni\u015flik = \"83\" y\u00fckseklik = \"50\" \/><\/a>                        <\/div>\n\n                    <\/div>\n                    <div class=\"column medium-8\">\n                        <div class=\"tabs-container\">\n                            <ul class=\"tabs\" data-tabs id=\"example-tabs\">\n\n                                <li class=\"tabs-title medium-4 small-12 text-upper is-active\" id=\"tabs-title-kontakt\">\n                                    <a href=\"#kontakt\" class=\"anchor bold wide\" aria-selected=\"true\">\n                                        Temas etmek <\/a>\n                                <\/li>\n                                <li class=\"tabs-title medium-4 small-12 text-upper\" id=\"tabs-title-jobs\">\n                                    <a href=\"#jobs\" class=\"anchor bold wide\">\n                                        Meslekler <\/a>\n                                <\/li>\n                                <li class=\"tabs-title medium-4 small-12 text-upper\" id=\"tabs-title-buchung\">\n                                    <a href=\"#buchung\" class=\"anchor bold wide\">\n                                        Kitap han\u0131m\u0131 <\/a>\n                                <\/li>\n                            <\/ul>\n                            <div class=\"tabs-content clearfix\" data-tabs-content=\"example-tabs\">\n                                <div class=\"tabs-panel is-active\" id=\"kontakt\">\n                                    <div class=\"tabs-content\">\n                                        <div class=\"row\">\n                                            <div class=\"column medium-8\">\n                                                \n                                                <p><a title=\"SSS FKK \" b\u00f6l\u00fcm\u00fcnde hen\u00fcz sormad\u0131\u011f\u0131m\u0131z sorular\u0131n\u0131z var\n                                                         href=\"\/faq\">SSS<\/a> yan\u0131tlayabildiniz mi? Yazmak\n                                                     \u0130leti\u015fim formumuzu doldurun, sorunuzla ilgilenelim.\n                                                 <\/p>                                            <\/div>\n                                            <div class=\"column medium-4\">\n                                                \n                                                Sayg\u0131lar\u0131mla\n<p class=\"line-height-bigger\"><span class=\"font-coco-gothic-bold color-white\">CBR-deste\u011fi<\/span>\n<a class=\"color-dark-gray icon-phone\" href=\"tel:+49 6408 503 4207\">+4964085034207<\/a>\n<a class=\"color-dark-gray icon-mail\" href=\"mailto:info@crazy-bunny-ranch.de\">info@crazy-bunny-ranch.de<\/a><\/p>                                                    \n                                            <\/div>\n                                        <\/div>\n                                        <div class=\"wpcf7 no-js\" id=\"wpcf7-f145-p14-o1\" lang=\"de-DE\" dir=\"ltr\">\n                                            <div class=\"screen-reader-response\">\n                                                <p role=\"status\" aria-live=\"polite\" aria-atomic=\"true\">\n                                                <ul><\/ul>\n                                            <\/div>\n\n                                            <p class=\"wpcf7-contact-form-not-found\"><strong>Hata:<\/strong> \u0130leti\u015fim formu bulunamad\u0131.<\/p>\n                                           \n                                        <\/div>\n                                    <\/div>\n                                <\/div>\n                                <div class=\"tabs-panel\" id=\"jobs\">\n                                    <div class=\"tabs-content\">\n                                                                           \n                                        <div class=\"wpcf7 no-js\" id=\"wpcf7-f146-p14-o2\" lang=\"de-DE\" dir=\"ltr\">\n                                            <div class=\"screen-reader-response\">\n                                                <p role=\"status\" aria-live=\"polite\" aria-atomic=\"true\">\n                                                <ul><\/ul>\n                                            <\/div>\n                                            <p class=\"wpcf7-contact-form-not-found\"><strong>Hata:<\/strong> \u0130leti\u015fim formu bulunamad\u0131.<\/p>                                           \n                                        <\/div>\n                                    <\/div>\n                                <\/div>\n\n                                <div class=\"tabs-panel\" id=\"buchung\">\n                                    <div class=\"tabs-content\">\n                                        <div class=\"wpcf7 no-js\" id=\"wpcf7-f2007-p14-o3\" lang=\"de-DE\" dir=\"ltr\">\n                                            <div class=\"screen-reader-response\">\n                                                <p role=\"status\" aria-live=\"polite\" aria-atomic=\"true\">\n                                                <ul><\/ul>\n                                            <\/div>\n                                            <p class=\"wpcf7-contact-form-not-found\"><strong>Hata:<\/strong> \u0130leti\u015fim formu bulunamad\u0131.<\/p>                                            \n                                           \n                                        <\/div>\n                                    <\/div>\n                                <\/div>\n                            <\/div>\n                        <\/div>\n                    <\/div>\n                <\/article>\n                <script>\n                    let hash = window.location.hash;\n                    switch (hash) {\n                        case '#buchung':\n                            jQuery('.tabs-panel').removeClass('is-active');\n                            jQuery('.tabs-panel#buchung').addClass('is-active');\n                            jQuery('.tabs-title').removeClass('is-active');\n                            jQuery('#tabs-title-buchung').addClass('is-active');\n                            break;\n                        case '#jobs':\n                            jQuery('.tabs-panel').removeClass('is-active');\n                            jQuery('.tabs-panel#jobs').addClass('is-active');\n                            jQuery('.tabs-title').removeClass('is-active');\n                            jQuery('#tabs-title-jobs').addClass('is-active');\n                            break;\n                    }\n\n                <\/script>\n\n\t\n\t\t\n\t\t\t\t\t\t<\/div>\n\t\t\t\t<\/div>\n\t\t\t\t\t<\/div>\n\t\t\t\t<\/div>\n\t\t\t\t<\/div>\n\t\t","protected":false},"excerpt":{"rendered":"<p>E-posta CBR Bizimle ki\u015fisel olarak ileti\u015fime ge\u00e7mek mi istiyorsunuz yoksa i\u015f ilan\u0131m\u0131z ile ilgileniyor musunuz? O zaman buradas\u0131n a\u00e7\u0131k olarak. &nbsp; Biz bir \u00fcyesiyiz Temas etmek Meslekler Kitap han\u0131m\u0131 SSS yan\u0131tlayabildiniz mi? Yazmak \u0130leti\u015fim formumuzu doldurun, sorunuzla ilgilenelim. Sayg\u0131lar\u0131mla CBR-deste\u011fi +4964085034207 info@crazy-bunny-ranch.de Ich habe die Datenschutzerkl\u00e4rung gelesen. Ich stimme zu, dass meine Angaben zur Kontaktaufnahme [&hellip;]<\/p>\n","protected":false},"author":4,"featured_media":0,"parent":0,"menu_order":0,"comment_status":"closed","ping_status":"closed","template":"","meta":{"footnotes":""},"class_list":["post-712","page","type-page","status-publish","hentry"],"yoast_head":"<!-- This site is optimized with the Yoast SEO plugin v25.6 - https:\/\/yoast.com\/wordpress\/plugins\/seo\/ -->\n<title>Kontakt - crazy bunny\u00a0ranch<\/title>\n<meta name=\"robots\" content=\"index, nofollow, max-video-preview:-1, noimageindex, noarchive, nosnippet\" \/>\n<link rel=\"canonical\" href=\"https:\/\/www.crazy-bunny-ranch.de\/kontakt\/\" \/>\n<meta property=\"og:locale\" content=\"tr_TR\" \/>\n<meta property=\"og:type\" content=\"article\" \/>\n<meta property=\"og:title\" content=\"Kontakt - crazy bunny\u00a0ranch\" \/>\n<meta property=\"og:description\" content=\"E-posta CBR Bizimle ki\u015fisel olarak ileti\u015fime ge\u00e7mek mi istiyorsunuz yoksa i\u015f ilan\u0131m\u0131z ile ilgileniyor musunuz? O zaman buradas\u0131n a\u00e7\u0131k olarak. &nbsp; Biz bir \u00fcyesiyiz Temas etmek Meslekler Kitap han\u0131m\u0131 SSS yan\u0131tlayabildiniz mi? Yazmak \u0130leti\u015fim formumuzu doldurun, sorunuzla ilgilenelim. Sayg\u0131lar\u0131mla CBR-deste\u011fi +4964085034207 info@crazy-bunny-ranch.de Ich habe die Datenschutzerkl\u00e4rung gelesen. Ich stimme zu, dass meine Angaben zur Kontaktaufnahme [&hellip;]\" \/>\n<meta property=\"og:url\" content=\"https:\/\/www.crazy-bunny-ranch.de\/kontakt\/\" \/>\n<meta property=\"og:site_name\" content=\"crazy bunny\u00a0ranch\" \/>\n<meta property=\"article:modified_time\" content=\"2023-10-18T17:22:04+00:00\" \/>\n<meta name=\"twitter:card\" content=\"summary_large_image\" \/>\n<meta name=\"twitter:label1\" content=\"Tahmini okuma s\u00fcresi\" \/>\n\t<meta name=\"twitter:data1\" content=\"2 dakika\" \/>\n<script type=\"application\/ld+json\" class=\"yoast-schema-graph\">{\"@context\":\"https:\/\/schema.org\",\"@graph\":[{\"@type\":\"WebPage\",\"@id\":\"https:\/\/www.crazy-bunny-ranch.de\/kontakt\/\",\"url\":\"https:\/\/www.crazy-bunny-ranch.de\/kontakt\/\",\"name\":\"Kontakt - crazy bunny\u00a0ranch\",\"isPartOf\":{\"@id\":\"https:\/\/www.crazy-bunny-ranch.de\/#website\"},\"datePublished\":\"2023-10-02T16:58:10+00:00\",\"dateModified\":\"2023-10-18T17:22:04+00:00\",\"breadcrumb\":{\"@id\":\"https:\/\/www.crazy-bunny-ranch.de\/kontakt\/#breadcrumb\"},\"inLanguage\":\"tr\",\"potentialAction\":[{\"@type\":\"ReadAction\",\"target\":[\"https:\/\/www.crazy-bunny-ranch.de\/kontakt\/\"]}]},{\"@type\":\"BreadcrumbList\",\"@id\":\"https:\/\/www.crazy-bunny-ranch.de\/kontakt\/#breadcrumb\",\"itemListElement\":[{\"@type\":\"ListItem\",\"position\":1,\"name\":\"Home\",\"item\":\"https:\/\/www.crazy-bunny-ranch.de\/\"},{\"@type\":\"ListItem\",\"position\":2,\"name\":\"Kontakt\"}]},{\"@type\":\"WebSite\",\"@id\":\"https:\/\/www.crazy-bunny-ranch.de\/#website\",\"url\":\"https:\/\/www.crazy-bunny-ranch.de\/\",\"name\":\"crazy bunny\u00a0ranch\",\"description\":\"\",\"publisher\":{\"@id\":\"https:\/\/www.crazy-bunny-ranch.de\/#organization\"},\"potentialAction\":[{\"@type\":\"SearchAction\",\"target\":{\"@type\":\"EntryPoint\",\"urlTemplate\":\"https:\/\/www.crazy-bunny-ranch.de\/?s={search_term_string}\"},\"query-input\":{\"@type\":\"PropertyValueSpecification\",\"valueRequired\":true,\"valueName\":\"search_term_string\"}}],\"inLanguage\":\"tr\"},{\"@type\":\"Organization\",\"@id\":\"https:\/\/www.crazy-bunny-ranch.de\/#organization\",\"name\":\"crazy bunny\u00a0ranch\",\"url\":\"https:\/\/www.crazy-bunny-ranch.de\/\",\"logo\":{\"@type\":\"ImageObject\",\"inLanguage\":\"tr\",\"@id\":\"https:\/\/www.crazy-bunny-ranch.de\/#\/schema\/logo\/image\/\",\"url\":\"https:\/\/www.crazy-bunny-ranch.de\/wp-content\/uploads\/2023\/10\/logo.png\",\"contentUrl\":\"https:\/\/www.crazy-bunny-ranch.de\/wp-content\/uploads\/2023\/10\/logo.png\",\"width\":500,\"height\":377,\"caption\":\"crazy bunny\u00a0ranch\"},\"image\":{\"@id\":\"https:\/\/www.crazy-bunny-ranch.de\/#\/schema\/logo\/image\/\"}}]}<\/script>\n<!-- \/ Yoast SEO plugin. -->","yoast_head_json":{"title":"Kontakt - crazy bunny\u00a0ranch","robots":{"index":"index","follow":"nofollow","max-video-preview":"max-video-preview:-1","imageindex":"noimageindex","archive":"noarchive","snippet":"nosnippet"},"canonical":"https:\/\/www.crazy-bunny-ranch.de\/kontakt\/","og_locale":"tr_TR","og_type":"article","og_title":"Kontakt - crazy bunny\u00a0ranch","og_description":"E-posta CBR Bizimle ki\u015fisel olarak ileti\u015fime ge\u00e7mek mi istiyorsunuz yoksa i\u015f ilan\u0131m\u0131z ile ilgileniyor musunuz? O zaman buradas\u0131n a\u00e7\u0131k olarak. &nbsp; Biz bir \u00fcyesiyiz Temas etmek Meslekler Kitap han\u0131m\u0131 SSS yan\u0131tlayabildiniz mi? Yazmak \u0130leti\u015fim formumuzu doldurun, sorunuzla ilgilenelim. Sayg\u0131lar\u0131mla CBR-deste\u011fi +4964085034207 info@crazy-bunny-ranch.de Ich habe die Datenschutzerkl\u00e4rung gelesen. Ich stimme zu, dass meine Angaben zur Kontaktaufnahme [&hellip;]","og_url":"https:\/\/www.crazy-bunny-ranch.de\/kontakt\/","og_site_name":"crazy bunny\u00a0ranch","article_modified_time":"2023-10-18T17:22:04+00:00","twitter_card":"summary_large_image","twitter_misc":{"Tahmini okuma s\u00fcresi":"2 dakika"},"schema":{"@context":"https:\/\/schema.org","@graph":[{"@type":"WebPage","@id":"https:\/\/www.crazy-bunny-ranch.de\/kontakt\/","url":"https:\/\/www.crazy-bunny-ranch.de\/kontakt\/","name":"Kontakt - crazy bunny\u00a0ranch","isPartOf":{"@id":"https:\/\/www.crazy-bunny-ranch.de\/#website"},"datePublished":"2023-10-02T16:58:10+00:00","dateModified":"2023-10-18T17:22:04+00:00","breadcrumb":{"@id":"https:\/\/www.crazy-bunny-ranch.de\/kontakt\/#breadcrumb"},"inLanguage":"tr","potentialAction":[{"@type":"ReadAction","target":["https:\/\/www.crazy-bunny-ranch.de\/kontakt\/"]}]},{"@type":"BreadcrumbList","@id":"https:\/\/www.crazy-bunny-ranch.de\/kontakt\/#breadcrumb","itemListElement":[{"@type":"ListItem","position":1,"name":"Home","item":"https:\/\/www.crazy-bunny-ranch.de\/"},{"@type":"ListItem","position":2,"name":"Kontakt"}]},{"@type":"WebSite","@id":"https:\/\/www.crazy-bunny-ranch.de\/#website","url":"https:\/\/www.crazy-bunny-ranch.de\/","name":"crazy bunny\u00a0ranch","description":"","publisher":{"@id":"https:\/\/www.crazy-bunny-ranch.de\/#organization"},"potentialAction":[{"@type":"SearchAction","target":{"@type":"EntryPoint","urlTemplate":"https:\/\/www.crazy-bunny-ranch.de\/?s={search_term_string}"},"query-input":{"@type":"PropertyValueSpecification","valueRequired":true,"valueName":"search_term_string"}}],"inLanguage":"tr"},{"@type":"Organization","@id":"https:\/\/www.crazy-bunny-ranch.de\/#organization","name":"crazy bunny\u00a0ranch","url":"https:\/\/www.crazy-bunny-ranch.de\/","logo":{"@type":"ImageObject","inLanguage":"tr","@id":"https:\/\/www.crazy-bunny-ranch.de\/#\/schema\/logo\/image\/","url":"https:\/\/www.crazy-bunny-ranch.de\/wp-content\/uploads\/2023\/10\/logo.png","contentUrl":"https:\/\/www.crazy-bunny-ranch.de\/wp-content\/uploads\/2023\/10\/logo.png","width":500,"height":377,"caption":"crazy bunny\u00a0ranch"},"image":{"@id":"https:\/\/www.crazy-bunny-ranch.de\/#\/schema\/logo\/image\/"}}]}},"_links":{"self":[{"href":"https:\/\/www.crazy-bunny-ranch.de\/tr\/wp-json\/wp\/v2\/pages\/712","targetHints":{"allow":["GET"]}}],"collection":[{"href":"https:\/\/www.crazy-bunny-ranch.de\/tr\/wp-json\/wp\/v2\/pages"}],"about":[{"href":"https:\/\/www.crazy-bunny-ranch.de\/tr\/wp-json\/wp\/v2\/types\/page"}],"author":[{"embeddable":true,"href":"https:\/\/www.crazy-bunny-ranch.de\/tr\/wp-json\/wp\/v2\/users\/4"}],"replies":[{"embeddable":true,"href":"https:\/\/www.crazy-bunny-ranch.de\/tr\/wp-json\/wp\/v2\/comments?post=712"}],"version-history":[{"count":16,"href":"https:\/\/www.crazy-bunny-ranch.de\/tr\/wp-json\/wp\/v2\/pages\/712\/revisions"}],"predecessor-version":[{"id":1543,"href":"https:\/\/www.crazy-bunny-ranch.de\/tr\/wp-json\/wp\/v2\/pages\/712\/revisions\/1543"}],"wp:attachment":[{"href":"https:\/\/www.crazy-bunny-ranch.de\/tr\/wp-json\/wp\/v2\/media?parent=712"}],"curies":[{"name":"wp","href":"https:\/\/api.w.org\/{rel}","templated":true}]}}