{"id":696,"date":"2023-10-02T13:15:45","date_gmt":"2023-10-02T13:15:45","guid":{"rendered":"https:\/\/www.crazy-bunny-ranch.de\/home\/"},"modified":"2023-10-18T17:17:46","modified_gmt":"2023-10-18T17:17:46","slug":"home","status":"publish","type":"page","link":"https:\/\/www.crazy-bunny-ranch.de\/tr\/","title":{"rendered":"Home"},"content":{"rendered":"\t\t<div data-elementor-type=\"wp-page\" data-elementor-id=\"696\" class=\"elementor elementor-696 elementor-18\" data-elementor-post-type=\"page\">\n\t\t\t\t<div class=\"elementor-element elementor-element-97c3d0c e-flex e-con-boxed e-con e-parent\" data-id=\"97c3d0c\" data-element_type=\"container\">\n\t\t\t\t\t<div class=\"e-con-inner\">\n\t\t\t\t<div class=\"elementor-element elementor-element-18712ea elementor-widget elementor-widget-hello_world_widget_2\" data-id=\"18712ea\" data-element_type=\"widget\" data-widget_type=\"hello_world_widget_2.default\">\n\t\t\t\t<div class=\"elementor-widget-container\">\n\t\t\t\t\t\n        \n\n        <article id=\"post-2\" class=\"row widget-video post-2 page type-page status-publish hentry\"\n            data-art-id=\"90\">\n            <div class=\"column medium-4 parallax\" data-parallax-speed=\"0.7\">\n                <div class=\"headerlogo\">\n<h1 class=\"hcrazy\">Crazy<\/h1>\n<h1 class=\"hbunny\">Bunny<\/h1>\n<h1 class=\"hranch\">Ranch<\/h1>\n<\/div>\n<h5><strong>\nCRAZY TAV\u015eAN \u00c7\u0130FTL\u0130\u011e\u0130NE HO\u015eGELD\u0130N\u0130Z! <\/strong><\/h5>\n<h4 class=\"headline-secondary\"><span style=\"color: #e8bc7b;\">Y\u0131l\u0131n 365 g\u00fcn\u00fc a\u00e7\u0131k!<\/span><\/h4>\nPazardan per\u015fembeye 11:00 - 4:00\n\nCuma ve Cumartesi 11:00 - 05:00                \n            <\/div>\n            <div class=\"relative\">\n                <div class=\"column slogan parallax foreground\" data-parallax-speed=\"0.9\">\n                    <div class=\"rotate-90deg glow font-anders\">Sa\u011fl\u0131k\n<\/div>\n                <\/div>\n                <div class=\"column medium-7 video-frame parallax\" data-parallax-speed=\"0.6\">\n                    <div class=\"responsive-aspect-ratio ratio-home-video\">\n                        <div class=\"aspect-ratio-content\">\n                           \n                            <iframe id=\"wellness-video-90\" name=\"wellness-video-90\"\n                                class=\"wellness-video-90\" style=\"width: 100%; height: 100%;;\"\n                                allowfullscreen=\"\"\n                                data-src=\"https:\/\/www.crazy-bunny-ranch.de\/videoplay.php?vurl=https:\/\/crazy-bunny-ranch.de\/CBRFHD.mp4&vposter=kk\"\n                                data-ref-id=\"90\"><\/iframe>\n\n                                \n                            <!-- <div class=\"js-toggle-playback show-for-small-only\"\n                                data-toggle-video=\"wellness-video-90\"\n                                style=\"background-image: url('https:\/\/fkk.devswebsite.de\/wp-content\/uploads\/2023\/10\/1.png');\">\n                            <\/div> -->\n                        <\/div>\n                    <\/div>\n                <\/div>\n            <\/div>\n        <\/article><!-- #post-2 -->\n\n        <article class=\"row widget-video\">\n            <div class=\"column slogan parallax foreground\" data-parallax-speed=\"0.9\">\n                <div class=\"rotate-90deg glow font-anders\">Fitness\n<\/div>\n            <\/div>\n            <div class=\"column medium-7 medium-offset-1 video-frame parallax\" data-parallax-speed=\"0.7\">\n                <div class=\"responsive-aspect-ratio ratio-home-video\">\n                    <div class=\"aspect-ratio-content\">\n                        <img decoding=\"async\" src=\"https:\/\/www.crazy-bunny-ranch.de\/wp-content\/uploads\/2023\/10\/DSC07310.jpeg\" alt=\"\"> \n                        <!-- <iframe id=\"home-video-92\" name=\"home-video-92\" class=\"home-video-92\"\n                            style=\"width: 100%; height: 100%;;\" allowfullscreen=\"\"\n                            data-src=\"https:\/\/www.crazy-bunny-ranch.de\/videoplay.php?vurl=https:\/\/www.crazy-bunny-ranch.de\/wp-content\/uploads\/2023\/10\/cbrvideo.mp4&vposter=gg\"\n                            data-ref-id=\"92\"><\/iframe>\n                         <div class=\"js-toggle-playback show-for-small-only\"\n                            data-toggle-video=\"home-video-92\"\n                            style=\"background-image: url('https:\/\/fkk.devswebsite.de\/wp-content\/uploads\/2023\/10\/2.png');\"><\/div> -->\n                    <\/div>\n                <\/div>\n            <\/div>\n            <div class=\"column medium-3 text-content\">\n                <div class=\"parallax hyphenate\" data-parallax-speed=\"0.8\">\n                <h2 class=\"headline-secondary font-gradient title text-right\">Sevimli tav\u015fanlar ve daha fazlas\u0131!<\/h2>\nTav\u015fan ister misin? Elbette bunu istiyorsun! \u00c7\u00fcnk\u00fc herkes tatl\u0131, sevimli tav\u015fanlar ister - \u00f6zellikle de iyi vakit ge\u00e7irmekten ho\u015flanan tav\u015fanlar i\u00e7in \u00f6zel tatil yeri olan Crazy Bunny Ranch'te oldu\u011fu gibi \u00f6n\u00fcn\u00fcze kolayca atlad\u0131klar\u0131nda! Maceray\u0131 ve erotizmi, dinlendirici wellness'\u0131, heyecan verici e\u011flenceyi, leziz lezzetleri, leziz i\u00e7ecekleri ve unutulmaz partileri sizin kadar kimler seviyor? Crazy Bunny Ranch'te, t\u00fcm endi\u015felerden ar\u0131nm\u0131\u015f, birinci s\u0131n\u0131f bir \u00e7\u0131plaklar ve sauna kul\u00fcb\u00fc deneyimine kadeh kald\u0131rmak i\u00e7in bir araya geliyorsunuz!\n<h2 class=\"headline-secondary font-gradient title text-right\">\u00c7\u0131lg\u0131n Tav\u015fan \u00c7iftli\u011fi<\/h2>\n\u00c7\u0131lg\u0131n Tav\u015fan \u00c7iftli\u011fi b\u00fcy\u00fckt\u00fcr ve fantezileriniz ve arzular\u0131n\u0131z i\u00e7in size m\u00fckemmel bir El Dorado sunar. Bizimle her \u015fekilde rahatlayabilir ve parti yaparken harika vakit ge\u00e7irebilirsiniz. Elbette \u201ctav\u015fanlar\u201d da sizin i\u00e7in erotik hareketler yapmaktan mutluluk duyarlar. T\u0131pk\u0131 profesyonel mas\u00f6rlerimiz gibi onlar da ba\u011f\u0131ms\u0131z hizmet sa\u011flay\u0131c\u0131lar olarak sizlere faydal\u0131 hizmetlerini sunuyorlar.                <\/div>\n            <\/div>\n        <\/article>\n        <article class=\"row widget-video\">\n            <div class=\"column slogan parallax foreground\" data-parallax-speed=\"0.8\">\n                <div class=\"rotate-90deg glow font-anders\">erotizm\n<\/div>\n            <\/div>\n            <div class=\"column medium-7 medium-offset-1 video-frame parallax\" data-parallax-speed=\"0.6\">\n                <div class=\"responsive-aspect-ratio ratio-home-video\">\n                    <div class=\"aspect-ratio-content\">\n\n                        <img decoding=\"async\" src=\"https:\/\/www.crazy-bunny-ranch.de\/wp-content\/uploads\/2023\/10\/DSC07343.jpeg\" alt=\"\">\n                        <!-- <iframe id=\"home-video-95\" name=\"home-video-95\" class=\"home-video-95\"\n                            style=\"width: 100%; height: 100%;;\" allowfullscreen=\"\"\n                            data-src=\"https:\/\/fkk.devswebsite.de\/videoplay.php?vurl=https:\/\/fkk-village.com\/wp-content\/uploads\/2021\/10\/videoplayback_s.mp4&vposter=https:\/\/fkk.devswebsite.de\/wp-content\/uploads\/2023\/10\/3.png\"\n                            data-ref-id=\"95\"><\/iframe>\n                        <div class=\"js-toggle-playback show-for-small-only\"\n                            data-toggle-video=\"home-video-95\"\n                            style=\"background-image: url('https:\/\/fkk.devswebsite.de\/wp-content\/uploads\/2023\/10\/3.png');\"><\/div> -->\n                    <\/div>\n                <\/div>\n            <\/div>\n            <div class=\"column medium-4 text-content\">\n                <div class=\"parallax hyphenate\" data-parallax-speed=\"0.7\">\n                <h2 class=\"headline-secondary font-gradient title \">K\u0131sa tatiliniz i\u00e7in 12500 m\u00b2!<\/h2>\n\u00c7iftli\u011fin i\u00e7inde 2.500 m\u00b2'lik saf ayr\u0131cal\u0131k size sunuluyor: \u015f\u0131k odalar, zarif i\u00e7 mekanlar ve dinlenmek i\u00e7in bolca alan, ayr\u0131ca 10.000 m\u00b2'lik a\u00e7\u0131k alan\u0131m\u0131z size palmiye a\u011fa\u00e7lar\u0131, y\u00fczme havuzu ve bar\u0131yla en g\u00fczel Karayip havas\u0131n\u0131 sunuyor. kadar(!) Su yeter. B\u00fcy\u00fck a\u00e7\u0131k havuzumuz t\u00fcm y\u0131l boyunca kapal\u0131 ve \u0131s\u0131t\u0131ld\u0131\u011f\u0131ndan, ya\u011fmurlu havalarda ve hatta k\u0131\u015f aylar\u0131nda bile i\u00e7eceklerinizi suyun i\u00e7inde sipari\u015f edebilir ve i\u00e7ebilirsiniz.\n<h2 class=\"headline-secondary font-gradient title \">E\u011flenin!<\/h2>\n\u00c7\u0131lg\u0131n Tav\u015fan \u00c7iftli\u011fi kutlama yapt\u0131\u011f\u0131nda orada olmal\u0131s\u0131n! Size d\u00fczenli olarak dans\u00e7\u0131lar, sanat\u00e7\u0131lar ve erotik y\u0131ld\u0131zlarla yeni, nefes kesici etkinlikler sunuyoruz. Ate\u015f p\u00fcsk\u00fcrtenler, hokkabazlar, sihirbazlar ve akrobatlarla sirkteki gibi heyecan\u0131 ya\u015fay\u0131n ve b\u0131rak\u0131n erotik canl\u0131 g\u00f6steriler sizi heyecanland\u0131rs\u0131n!                <\/div>\n            <\/div>\n        <\/article>\n        <article class=\"row widget-video\">\n            <div class=\"column slogan parallax foreground\" data-parallax-speed=\"0.9\">\n                <div class=\"rotate-90deg glow font-anders\">B\u00fcfe\n<\/div>\n            <\/div>\n            <div class=\"column medium-7 video-frame parallax\" data-parallax-speed=\"0.7\">\n                <div class=\"responsive-aspect-ratio ratio-home-video\">\n                    <div class=\"aspect-ratio-content\">\n                        <img decoding=\"async\" src=\"https:\/\/www.crazy-bunny-ranch.de\/wp-content\/uploads\/2023\/10\/DSC07301.jpeg\" alt=\"\">\n                        <!-- <iframe id=\"home-video-97\" name=\"home-video-97\" class=\"home-video-97\"\n                            style=\"width: 100%; height: 100%;;\" allowfullscreen=\"\"\n                            data-src=\"https:\/\/fkk.devswebsite.de\/videoplay.php?vurl=https:\/\/fkk-village.com\/wp-content\/uploads\/2021\/10\/videoplayback_s.mp4&vposter=https:\/\/fkk.devswebsite.de\/wp-content\/uploads\/2023\/10\/4.png\"\n                            data-ref-id=\"97\"><\/iframe>\n                        <div class=\"js-toggle-playback show-for-small-only\"\n                            data-toggle-video=\"home-video-97\"\n                            style=\"background-image: url('https:\/\/fkk.devswebsite.de\/wp-content\/uploads\/2023\/10\/4.png');\"><\/div> -->\n                    <\/div>\n                <\/div>\n            <\/div>\n            <div class=\"column medium-4 text-content\">\n                <div class=\"parallax hyphenate\" data-parallax-speed=\"0.8\">\n                <h2 class=\"headline-secondary font-gradient title exclcss\">E X K L U S I V E\n\u00d6ZELL\u0130KLER<\/h2>\nCrazy Bunny Ranch, sizden saklamak istemedi\u011fimiz bir\u00e7ok ayr\u0131cal\u0131kl\u0131 \u00f6zellik sunuyor. Daha iyi bir genel bak\u0131\u015f i\u00e7in en \u00f6nemli ger\u00e7ekleri burada bulabilirsiniz.\n<ul class=\"icon-list ulclss\">\n  <li>D\u0131\u015far\u0131daki palmiye a\u011fa\u00e7lar\u0131yla Karayip havas\u0131<\/li>\n  <li>Suya uzanan havuz bar<\/li>\n  <li>T\u00fcm y\u0131l boyunca \u0131s\u0131t\u0131lan kapal\u0131 y\u00fczme havuzu<\/li>\n  <li>A\u00e7\u0131k hava saunas\u0131 (\u00e7ok yak\u0131nda)<\/li>\n  <li>\u0130yi stoklanm\u0131\u015f bir bara sahip \u00f6zel salon<\/li>\n  <li>uluslararas\u0131 sanat\u00e7\u0131larla d\u00fczenli etkinlikler<\/li>\n  <li>uluslararas\u0131 kad\u0131n misafirlerin de\u011fi\u015fimi<\/li>\n  <li>Spa alan\u0131nda b\u00fcy\u00fck jakuzi ve sauna<\/li>\n  <li>D\u0131\u015far\u0131daki palmiye a\u011fa\u00e7lar\u0131yla Karayip havas\u0131<\/li>\n  <li>Suya uzanan havuz bar<\/li>\n  <li>T\u00fcm y\u0131l boyunca \u0131s\u0131t\u0131lan kapal\u0131 y\u00fczme havuzu<\/li>\n  <li>A\u00e7\u0131k hava saunas\u0131 (\u00e7ok yak\u0131nda)<\/li>\n  <li>\u0130yi stoklanm\u0131\u015f bir bara sahip \u00f6zel salon<\/li>\n  <li>uluslararas\u0131 sanat\u00e7\u0131larla d\u00fczenli etkinlikler<\/li>\n  <li>uluslararas\u0131 kad\u0131n misafirlerin de\u011fi\u015fimi<\/li>\n<\/ul>                <\/div>\n            <\/div>\n        <\/article>\n        <article class=\"row widget-video\">\n            <div class=\"column slogan parallax foreground\" data-parallax-speed=\"0.8\">\n                <div class=\"rotate-90deg glow font-anders\">\u00d6zel teklifler\n<\/div>\n            <\/div>\n            <div class=\"column medium-7 video-frame parallax\" data-parallax-speed=\"0.7\">\n                <div class=\"responsive-aspect-ratio ratio-home-video\">\n                    <div class=\"aspect-ratio-content\">\n                        <img decoding=\"async\" src=\"https:\/\/www.crazy-bunny-ranch.de\/wp-content\/uploads\/2023\/10\/DSC07319.jpeg\" alt=\"\">\n                        <!-- <iframe id=\"home-video-102\" name=\"home-video-102\" class=\"home-video-102\"\n                            style=\"width: 100%; height: 100%;;\" allowfullscreen=\"\"\n                            data-src=\"https:\/\/fkk.devswebsite.de\/videoplay.php?vurl=https:\/\/fkk-village.com\/wp-content\/uploads\/2021\/10\/videoplayback_s.mp4&vposter=https:\/\/fkk.devswebsite.de\/wp-content\/uploads\/2023\/10\/5.png\"\n                            data-ref-id=\"102\"><\/iframe>\n                        <div class=\"js-toggle-playback show-for-small-only\"\n                            data-toggle-video=\"home-video-102\"\n                            style=\"background-image: url('https:\/\/fkk.devswebsite.de\/wp-content\/uploads\/2023\/10\/5.png');\"><\/div> -->\n                    <\/div>\n                <\/div>\n            <\/div>\n            <div class=\"column medium-3 float-left text-content\">\n                <div class=\"parallax hyphenate\" data-parallax-speed=\"0.6\">\n                                <\/div>\n            <\/div>\n        <\/article>\n        \n        <article class=\"row widget-video lastvcss\">\n            <div class=\"column slogan parallax foreground\" data-parallax-speed=\"0.7\">\n                <div class=\"rotate-90deg glow font-anders\">A\u00e7\u0131k havada<\/div>\n            <\/div>\n            <div class=\"lastvid_css_iframe column medium-7 medium-offset-1 video-frame parallax\" data-parallax-speed=\"0.8\">\n                <div class=\"responsive-aspect-ratio ratio-home-video\">\n                    <div class=\"aspect-ratio-content\">\n                        <iframe id=\"home-video-99\" name=\"home-video-99\" class=\"home-video-99\"\n                            style=\"width: 100%; height: 100%;;\" allowfullscreen=\"\"\n                            data-src=\"https:\/\/www.crazy-bunny-ranch.de\/videoplay.php?vurl=https:\/\/fkk-village.com\/wp-content\/uploads\/2021\/10\/videoplayback_s.mp4&vposter=https:\/\/fkk.devswebsite.de\/wp-content\/uploads\/2023\/10\/6.png\"\n                            data-ref-id=\"99\"><\/iframe>\n                        <div class=\"js-toggle-playback show-for-small-only\"\n                            data-toggle-video=\"home-video-99\"\n                            style=\"background-image: url('https:\/\/fkk.devswebsite.de\/wp-content\/uploads\/2023\/10\/6.png');\"><\/div>\n                    <\/div>\n                <\/div>\n            <\/div>\n            <div class=\"column medium-4 text-content\">\n                <div class=\"parallax hyphenate\" data-parallax-speed=\"0.6\">\n                <h2 class=\"headline-secondary font-gradient title \">Mutlulu\u011fa giden biletiniz<\/h2>\nCrazy Bunny Ranch'te ge\u00e7irece\u011finiz bir g\u00fcn i\u00e7in iki giri\u015f se\u00e7ene\u011finden birini se\u00e7ebilirsiniz.\n20 Euro kar\u015f\u0131l\u0131\u011f\u0131nda kul\u00fcb\u00fcn altyap\u0131s\u0131na, bornozun yan\u0131 s\u0131ra iki havlu ve terliklere de eri\u015febiliyorsunuz. Dilerseniz kendi mayonuzu da getirebilirsiniz. \u0130\u00e7ecekler, b\u00fcfe ve alakart sipari\u015fler ekstra \u00fccrete tabidir.\n\n45 Euro kar\u015f\u0131l\u0131\u011f\u0131nda, kul\u00fcbe giri\u015f ve banyo malzemelerinize ek olarak su, kola, Sprite veya kahve spesiyaliteleri gibi alkols\u00fcz i\u00e7ecekler de alacaks\u0131n\u0131z. Ayr\u0131ca \u00fc\u00e7 biran\u0131n yan\u0131 s\u0131ra kahvalt\u0131 (11:00 - 15:00) ve a\u00e7\u0131k b\u00fcfe yiyecekler (17:00'den itibaren) dahildir.                <\/div>\n            <\/div>\n        <\/article>\n        \n    \n        \n        \t\t\t\t<\/div>\n\t\t\t\t<\/div>\n\t\t\t\t\t<\/div>\n\t\t\t\t<\/div>\n\t\t\t\t<\/div>\n\t\t","protected":false},"excerpt":{"rendered":"<p>Crazy Bunny Ranch CRAZY TAV\u015eAN \u00c7\u0130FTL\u0130\u011e\u0130NE HO\u015eGELD\u0130N\u0130Z! Y\u0131l\u0131n 365 g\u00fcn\u00fc a\u00e7\u0131k! Pazardan per\u015fembeye 11:00 &#8211; 4:00 Cuma ve Cumartesi 11:00 &#8211; 05:00 Sa\u011fl\u0131k Fitness Sevimli tav\u015fanlar ve daha fazlas\u0131! Tav\u015fan ister misin? Elbette bunu istiyorsun! \u00c7\u00fcnk\u00fc herkes tatl\u0131, sevimli tav\u015fanlar ister &#8211; \u00f6zellikle de iyi vakit ge\u00e7irmekten ho\u015flanan tav\u015fanlar i\u00e7in \u00f6zel tatil yeri olan Crazy [&hellip;]<\/p>\n","protected":false},"author":4,"featured_media":0,"parent":0,"menu_order":0,"comment_status":"closed","ping_status":"closed","template":"","meta":{"footnotes":""},"class_list":["post-696","page","type-page","status-publish","hentry"],"yoast_head":"<!-- This site is optimized with the Yoast SEO plugin v25.6 - https:\/\/yoast.com\/wordpress\/plugins\/seo\/ -->\n<title>Home - crazy bunny\u00a0ranch<\/title>\n<meta name=\"robots\" content=\"index, follow, max-snippet:-1, max-image-preview:large, max-video-preview:-1\" \/>\n<link rel=\"canonical\" href=\"https:\/\/www.crazy-bunny-ranch.de\/\" \/>\n<meta property=\"og:locale\" content=\"tr_TR\" \/>\n<meta property=\"og:type\" content=\"article\" \/>\n<meta property=\"og:title\" content=\"Home - crazy bunny\u00a0ranch\" \/>\n<meta property=\"og:description\" content=\"Crazy Bunny Ranch CRAZY TAV\u015eAN \u00c7\u0130FTL\u0130\u011e\u0130NE HO\u015eGELD\u0130N\u0130Z! Y\u0131l\u0131n 365 g\u00fcn\u00fc a\u00e7\u0131k! Pazardan per\u015fembeye 11:00 &#8211; 4:00 Cuma ve Cumartesi 11:00 &#8211; 05:00 Sa\u011fl\u0131k Fitness Sevimli tav\u015fanlar ve daha fazlas\u0131! Tav\u015fan ister misin? Elbette bunu istiyorsun! \u00c7\u00fcnk\u00fc herkes tatl\u0131, sevimli tav\u015fanlar ister &#8211; \u00f6zellikle de iyi vakit ge\u00e7irmekten ho\u015flanan tav\u015fanlar i\u00e7in \u00f6zel tatil yeri olan Crazy [&hellip;]\" \/>\n<meta property=\"og:url\" content=\"https:\/\/www.crazy-bunny-ranch.de\/\" \/>\n<meta property=\"og:site_name\" content=\"crazy bunny\u00a0ranch\" \/>\n<meta property=\"article:modified_time\" content=\"2023-10-18T17:17:46+00:00\" \/>\n<meta property=\"og:image\" content=\"https:\/\/www.crazy-bunny-ranch.de\/wp-content\/uploads\/2023\/10\/img1.jpg\" \/>\n<meta name=\"twitter:card\" content=\"summary_large_image\" \/>\n<meta name=\"twitter:label1\" content=\"Tahmini okuma s\u00fcresi\" \/>\n\t<meta name=\"twitter:data1\" content=\"4 dakika\" \/>\n<script type=\"application\/ld+json\" class=\"yoast-schema-graph\">{\"@context\":\"https:\/\/schema.org\",\"@graph\":[{\"@type\":\"WebPage\",\"@id\":\"https:\/\/www.crazy-bunny-ranch.de\/\",\"url\":\"https:\/\/www.crazy-bunny-ranch.de\/\",\"name\":\"Home - crazy bunny\u00a0ranch\",\"isPartOf\":{\"@id\":\"https:\/\/www.crazy-bunny-ranch.de\/#website\"},\"primaryImageOfPage\":{\"@id\":\"https:\/\/www.crazy-bunny-ranch.de\/#primaryimage\"},\"image\":{\"@id\":\"https:\/\/www.crazy-bunny-ranch.de\/#primaryimage\"},\"thumbnailUrl\":\"https:\/\/www.crazy-bunny-ranch.de\/wp-content\/uploads\/2023\/10\/img1.jpg\",\"datePublished\":\"2023-10-02T13:15:45+00:00\",\"dateModified\":\"2023-10-18T17:17:46+00:00\",\"breadcrumb\":{\"@id\":\"https:\/\/www.crazy-bunny-ranch.de\/#breadcrumb\"},\"inLanguage\":\"tr\",\"potentialAction\":[{\"@type\":\"ReadAction\",\"target\":[\"https:\/\/www.crazy-bunny-ranch.de\/\"]}]},{\"@type\":\"ImageObject\",\"inLanguage\":\"tr\",\"@id\":\"https:\/\/www.crazy-bunny-ranch.de\/#primaryimage\",\"url\":\"https:\/\/www.crazy-bunny-ranch.de\/wp-content\/uploads\/2023\/10\/img1.jpg\",\"contentUrl\":\"https:\/\/www.crazy-bunny-ranch.de\/wp-content\/uploads\/2023\/10\/img1.jpg\"},{\"@type\":\"BreadcrumbList\",\"@id\":\"https:\/\/www.crazy-bunny-ranch.de\/#breadcrumb\",\"itemListElement\":[{\"@type\":\"ListItem\",\"position\":1,\"name\":\"Home\",\"item\":\"https:\/\/www.crazy-bunny-ranch.de\/\"},{\"@type\":\"ListItem\",\"position\":2,\"name\":\"Home\"}]},{\"@type\":\"WebSite\",\"@id\":\"https:\/\/www.crazy-bunny-ranch.de\/#website\",\"url\":\"https:\/\/www.crazy-bunny-ranch.de\/\",\"name\":\"crazy bunny\u00a0ranch\",\"description\":\"\",\"publisher\":{\"@id\":\"https:\/\/www.crazy-bunny-ranch.de\/#organization\"},\"potentialAction\":[{\"@type\":\"SearchAction\",\"target\":{\"@type\":\"EntryPoint\",\"urlTemplate\":\"https:\/\/www.crazy-bunny-ranch.de\/?s={search_term_string}\"},\"query-input\":{\"@type\":\"PropertyValueSpecification\",\"valueRequired\":true,\"valueName\":\"search_term_string\"}}],\"inLanguage\":\"tr\"},{\"@type\":\"Organization\",\"@id\":\"https:\/\/www.crazy-bunny-ranch.de\/#organization\",\"name\":\"crazy bunny\u00a0ranch\",\"url\":\"https:\/\/www.crazy-bunny-ranch.de\/\",\"logo\":{\"@type\":\"ImageObject\",\"inLanguage\":\"tr\",\"@id\":\"https:\/\/www.crazy-bunny-ranch.de\/#\/schema\/logo\/image\/\",\"url\":\"https:\/\/www.crazy-bunny-ranch.de\/wp-content\/uploads\/2023\/10\/logo.png\",\"contentUrl\":\"https:\/\/www.crazy-bunny-ranch.de\/wp-content\/uploads\/2023\/10\/logo.png\",\"width\":500,\"height\":377,\"caption\":\"crazy bunny\u00a0ranch\"},\"image\":{\"@id\":\"https:\/\/www.crazy-bunny-ranch.de\/#\/schema\/logo\/image\/\"}}]}<\/script>\n<!-- \/ Yoast SEO plugin. -->","yoast_head_json":{"title":"Home - crazy bunny\u00a0ranch","robots":{"index":"index","follow":"follow","max-snippet":"max-snippet:-1","max-image-preview":"max-image-preview:large","max-video-preview":"max-video-preview:-1"},"canonical":"https:\/\/www.crazy-bunny-ranch.de\/","og_locale":"tr_TR","og_type":"article","og_title":"Home - crazy bunny\u00a0ranch","og_description":"Crazy Bunny Ranch CRAZY TAV\u015eAN \u00c7\u0130FTL\u0130\u011e\u0130NE HO\u015eGELD\u0130N\u0130Z! Y\u0131l\u0131n 365 g\u00fcn\u00fc a\u00e7\u0131k! Pazardan per\u015fembeye 11:00 &#8211; 4:00 Cuma ve Cumartesi 11:00 &#8211; 05:00 Sa\u011fl\u0131k Fitness Sevimli tav\u015fanlar ve daha fazlas\u0131! Tav\u015fan ister misin? Elbette bunu istiyorsun! \u00c7\u00fcnk\u00fc herkes tatl\u0131, sevimli tav\u015fanlar ister &#8211; \u00f6zellikle de iyi vakit ge\u00e7irmekten ho\u015flanan tav\u015fanlar i\u00e7in \u00f6zel tatil yeri olan Crazy [&hellip;]","og_url":"https:\/\/www.crazy-bunny-ranch.de\/","og_site_name":"crazy bunny\u00a0ranch","article_modified_time":"2023-10-18T17:17:46+00:00","og_image":[{"url":"https:\/\/www.crazy-bunny-ranch.de\/wp-content\/uploads\/2023\/10\/img1.jpg","type":"","width":"","height":""}],"twitter_card":"summary_large_image","twitter_misc":{"Tahmini okuma s\u00fcresi":"4 dakika"},"schema":{"@context":"https:\/\/schema.org","@graph":[{"@type":"WebPage","@id":"https:\/\/www.crazy-bunny-ranch.de\/","url":"https:\/\/www.crazy-bunny-ranch.de\/","name":"Home - crazy bunny\u00a0ranch","isPartOf":{"@id":"https:\/\/www.crazy-bunny-ranch.de\/#website"},"primaryImageOfPage":{"@id":"https:\/\/www.crazy-bunny-ranch.de\/#primaryimage"},"image":{"@id":"https:\/\/www.crazy-bunny-ranch.de\/#primaryimage"},"thumbnailUrl":"https:\/\/www.crazy-bunny-ranch.de\/wp-content\/uploads\/2023\/10\/img1.jpg","datePublished":"2023-10-02T13:15:45+00:00","dateModified":"2023-10-18T17:17:46+00:00","breadcrumb":{"@id":"https:\/\/www.crazy-bunny-ranch.de\/#breadcrumb"},"inLanguage":"tr","potentialAction":[{"@type":"ReadAction","target":["https:\/\/www.crazy-bunny-ranch.de\/"]}]},{"@type":"ImageObject","inLanguage":"tr","@id":"https:\/\/www.crazy-bunny-ranch.de\/#primaryimage","url":"https:\/\/www.crazy-bunny-ranch.de\/wp-content\/uploads\/2023\/10\/img1.jpg","contentUrl":"https:\/\/www.crazy-bunny-ranch.de\/wp-content\/uploads\/2023\/10\/img1.jpg"},{"@type":"BreadcrumbList","@id":"https:\/\/www.crazy-bunny-ranch.de\/#breadcrumb","itemListElement":[{"@type":"ListItem","position":1,"name":"Home","item":"https:\/\/www.crazy-bunny-ranch.de\/"},{"@type":"ListItem","position":2,"name":"Home"}]},{"@type":"WebSite","@id":"https:\/\/www.crazy-bunny-ranch.de\/#website","url":"https:\/\/www.crazy-bunny-ranch.de\/","name":"crazy bunny\u00a0ranch","description":"","publisher":{"@id":"https:\/\/www.crazy-bunny-ranch.de\/#organization"},"potentialAction":[{"@type":"SearchAction","target":{"@type":"EntryPoint","urlTemplate":"https:\/\/www.crazy-bunny-ranch.de\/?s={search_term_string}"},"query-input":{"@type":"PropertyValueSpecification","valueRequired":true,"valueName":"search_term_string"}}],"inLanguage":"tr"},{"@type":"Organization","@id":"https:\/\/www.crazy-bunny-ranch.de\/#organization","name":"crazy bunny\u00a0ranch","url":"https:\/\/www.crazy-bunny-ranch.de\/","logo":{"@type":"ImageObject","inLanguage":"tr","@id":"https:\/\/www.crazy-bunny-ranch.de\/#\/schema\/logo\/image\/","url":"https:\/\/www.crazy-bunny-ranch.de\/wp-content\/uploads\/2023\/10\/logo.png","contentUrl":"https:\/\/www.crazy-bunny-ranch.de\/wp-content\/uploads\/2023\/10\/logo.png","width":500,"height":377,"caption":"crazy bunny\u00a0ranch"},"image":{"@id":"https:\/\/www.crazy-bunny-ranch.de\/#\/schema\/logo\/image\/"}}]}},"_links":{"self":[{"href":"https:\/\/www.crazy-bunny-ranch.de\/tr\/wp-json\/wp\/v2\/pages\/696","targetHints":{"allow":["GET"]}}],"collection":[{"href":"https:\/\/www.crazy-bunny-ranch.de\/tr\/wp-json\/wp\/v2\/pages"}],"about":[{"href":"https:\/\/www.crazy-bunny-ranch.de\/tr\/wp-json\/wp\/v2\/types\/page"}],"author":[{"embeddable":true,"href":"https:\/\/www.crazy-bunny-ranch.de\/tr\/wp-json\/wp\/v2\/users\/4"}],"replies":[{"embeddable":true,"href":"https:\/\/www.crazy-bunny-ranch.de\/tr\/wp-json\/wp\/v2\/comments?post=696"}],"version-history":[{"count":10,"href":"https:\/\/www.crazy-bunny-ranch.de\/tr\/wp-json\/wp\/v2\/pages\/696\/revisions"}],"predecessor-version":[{"id":1535,"href":"https:\/\/www.crazy-bunny-ranch.de\/tr\/wp-json\/wp\/v2\/pages\/696\/revisions\/1535"}],"wp:attachment":[{"href":"https:\/\/www.crazy-bunny-ranch.de\/tr\/wp-json\/wp\/v2\/media?parent=696"}],"curies":[{"name":"wp","href":"https:\/\/api.w.org\/{rel}","templated":true}]}}