{"id":717,"date":"2023-10-02T16:57:07","date_gmt":"2023-10-02T16:57:07","guid":{"rendered":"https:\/\/www.crazy-bunny-ranch.de\/news\/"},"modified":"2023-10-18T17:32:08","modified_gmt":"2023-10-18T17:32:08","slug":"news","status":"publish","type":"page","link":"https:\/\/www.crazy-bunny-ranch.de\/pl\/news\/","title":{"rendered":"News"},"content":{"rendered":"\t\t<div data-elementor-type=\"wp-page\" data-elementor-id=\"717\" class=\"elementor elementor-717 elementor-33\" data-elementor-post-type=\"page\">\n\t\t\t\t<div class=\"elementor-element elementor-element-e9d43d0 e-flex e-con-boxed e-con e-parent\" data-id=\"e9d43d0\" data-element_type=\"container\">\n\t\t\t\t\t<div class=\"e-con-inner\">\n\t\t\t\t<div class=\"elementor-element elementor-element-1b9e175 elementor-widget elementor-widget-newspagesettings\" data-id=\"1b9e175\" data-element_type=\"widget\" data-widget_type=\"newspagesettings.default\">\n\t\t\t\t<div class=\"elementor-widget-container\">\n\t\t\t\t\t\n        <style>\n            .page-template-parallax .psw-stage-outer {\n                padding-bottom: 0px !important;\n            }\n\n\n        <\/style>\n\n            <section class=\"blog last\" data-paged=\"1\">\n                    <div class=\"row grid\">\n                        <div class=\"column medium-4 grid-item\">\n                        <h1 class=\"headline-main font-gradient hyphenate\"><span class=\"entry-title-primary\">Aktualno\u015bci<\/span><span class=\"entry-subtitle\">CBR<\/span><\/h1>\n                            <div class=\"post-content\">\n\n                            Tutaj znajdziesz aktualno\u015bci i og\u0142oszenia dotycz\u0105ce dzia\u0142alno\u015bci klubu.                               \n                                <nav class=\"menu-socialmedia-container\">\n                                    <ul id=\"menu-socialmedia-1\" class=\"menu\">\n                                        <li\n                                            class=\"icon-facebook menu-item menu-item-type-custom menu-item-object-custom menu-item-67\">\n                                            <a target=\"_blank\" rel=\"noopener\"\n                                                href=\" facebook.com\"><span>Facebook<\/span><\/a>\n                                        <\/li>\n                                        <li\n                                            class=\"icon-twitter menu-item menu-item-type-custom menu-item-object-custom menu-item-68\">\n                                            <a target=\"_blank\" rel=\"noopener\"\n                                                href=\"twitter.com\"><span>Twitter<\/span><\/a>\n                                        <\/li>\n                                    <\/ul>\n                                <\/nav>\n                            <\/div>\n                        <\/div>\n\n                        \n                        \n                        <h2 class=\"blog-title text-center\"><span class=\"entry-title-primary\"><\/span><\/h2>                    <\/div>\n\n\n                <\/section>\n\t\n\n\n\t\t\t\t\t\t<\/div>\n\t\t\t\t<\/div>\n\t\t\t\t\t<\/div>\n\t\t\t\t<\/div>\n\t\t\t\t<\/div>\n\t\t","protected":false},"excerpt":{"rendered":"<p>Aktualno\u015bciCBR Tutaj znajdziesz aktualno\u015bci i og\u0142oszenia dotycz\u0105ce dzia\u0142alno\u015bci klubu. Facebook Twitter<\/p>\n","protected":false},"author":4,"featured_media":0,"parent":0,"menu_order":0,"comment_status":"closed","ping_status":"closed","template":"","meta":{"footnotes":""},"class_list":["post-717","page","type-page","status-publish","hentry"],"yoast_head":"<!-- This site is optimized with the Yoast SEO plugin v25.6 - https:\/\/yoast.com\/wordpress\/plugins\/seo\/ -->\n<title>News - crazy bunny\u00a0ranch<\/title>\n<meta name=\"robots\" content=\"index, follow, max-snippet:-1, max-image-preview:large, max-video-preview:-1\" \/>\n<link rel=\"canonical\" href=\"https:\/\/www.crazy-bunny-ranch.de\/news\/\" \/>\n<meta property=\"og:locale\" content=\"pl_PL\" \/>\n<meta property=\"og:type\" content=\"article\" \/>\n<meta property=\"og:title\" content=\"News - crazy bunny\u00a0ranch\" \/>\n<meta property=\"og:description\" content=\"Aktualno\u015bciCBR Tutaj znajdziesz aktualno\u015bci i og\u0142oszenia dotycz\u0105ce dzia\u0142alno\u015bci klubu. Facebook Twitter\" \/>\n<meta property=\"og:url\" content=\"https:\/\/www.crazy-bunny-ranch.de\/news\/\" \/>\n<meta property=\"og:site_name\" content=\"crazy bunny\u00a0ranch\" \/>\n<meta property=\"article:modified_time\" content=\"2023-10-18T17:32:08+00:00\" \/>\n<meta name=\"twitter:card\" content=\"summary_large_image\" \/>\n<meta name=\"twitter:label1\" content=\"Szacowany czas czytania\" \/>\n\t<meta name=\"twitter:data1\" content=\"1 minuta\" \/>\n<script type=\"application\/ld+json\" class=\"yoast-schema-graph\">{\"@context\":\"https:\/\/schema.org\",\"@graph\":[{\"@type\":\"WebPage\",\"@id\":\"https:\/\/www.crazy-bunny-ranch.de\/news\/\",\"url\":\"https:\/\/www.crazy-bunny-ranch.de\/news\/\",\"name\":\"News - crazy bunny\u00a0ranch\",\"isPartOf\":{\"@id\":\"https:\/\/www.crazy-bunny-ranch.de\/#website\"},\"datePublished\":\"2023-10-02T16:57:07+00:00\",\"dateModified\":\"2023-10-18T17:32:08+00:00\",\"breadcrumb\":{\"@id\":\"https:\/\/www.crazy-bunny-ranch.de\/news\/#breadcrumb\"},\"inLanguage\":\"pl-PL\",\"potentialAction\":[{\"@type\":\"ReadAction\",\"target\":[\"https:\/\/www.crazy-bunny-ranch.de\/news\/\"]}]},{\"@type\":\"BreadcrumbList\",\"@id\":\"https:\/\/www.crazy-bunny-ranch.de\/news\/#breadcrumb\",\"itemListElement\":[{\"@type\":\"ListItem\",\"position\":1,\"name\":\"Home\",\"item\":\"https:\/\/www.crazy-bunny-ranch.de\/\"},{\"@type\":\"ListItem\",\"position\":2,\"name\":\"News\"}]},{\"@type\":\"WebSite\",\"@id\":\"https:\/\/www.crazy-bunny-ranch.de\/#website\",\"url\":\"https:\/\/www.crazy-bunny-ranch.de\/\",\"name\":\"crazy bunny\u00a0ranch\",\"description\":\"\",\"publisher\":{\"@id\":\"https:\/\/www.crazy-bunny-ranch.de\/#organization\"},\"potentialAction\":[{\"@type\":\"SearchAction\",\"target\":{\"@type\":\"EntryPoint\",\"urlTemplate\":\"https:\/\/www.crazy-bunny-ranch.de\/?s={search_term_string}\"},\"query-input\":{\"@type\":\"PropertyValueSpecification\",\"valueRequired\":true,\"valueName\":\"search_term_string\"}}],\"inLanguage\":\"pl-PL\"},{\"@type\":\"Organization\",\"@id\":\"https:\/\/www.crazy-bunny-ranch.de\/#organization\",\"name\":\"crazy bunny\u00a0ranch\",\"url\":\"https:\/\/www.crazy-bunny-ranch.de\/\",\"logo\":{\"@type\":\"ImageObject\",\"inLanguage\":\"pl-PL\",\"@id\":\"https:\/\/www.crazy-bunny-ranch.de\/#\/schema\/logo\/image\/\",\"url\":\"https:\/\/www.crazy-bunny-ranch.de\/wp-content\/uploads\/2023\/10\/logo.png\",\"contentUrl\":\"https:\/\/www.crazy-bunny-ranch.de\/wp-content\/uploads\/2023\/10\/logo.png\",\"width\":500,\"height\":377,\"caption\":\"crazy bunny\u00a0ranch\"},\"image\":{\"@id\":\"https:\/\/www.crazy-bunny-ranch.de\/#\/schema\/logo\/image\/\"}}]}<\/script>\n<!-- \/ Yoast SEO plugin. -->","yoast_head_json":{"title":"News - crazy bunny\u00a0ranch","robots":{"index":"index","follow":"follow","max-snippet":"max-snippet:-1","max-image-preview":"max-image-preview:large","max-video-preview":"max-video-preview:-1"},"canonical":"https:\/\/www.crazy-bunny-ranch.de\/news\/","og_locale":"pl_PL","og_type":"article","og_title":"News - crazy bunny\u00a0ranch","og_description":"Aktualno\u015bciCBR Tutaj znajdziesz aktualno\u015bci i og\u0142oszenia dotycz\u0105ce dzia\u0142alno\u015bci klubu. Facebook Twitter","og_url":"https:\/\/www.crazy-bunny-ranch.de\/news\/","og_site_name":"crazy bunny\u00a0ranch","article_modified_time":"2023-10-18T17:32:08+00:00","twitter_card":"summary_large_image","twitter_misc":{"Szacowany czas czytania":"1 minuta"},"schema":{"@context":"https:\/\/schema.org","@graph":[{"@type":"WebPage","@id":"https:\/\/www.crazy-bunny-ranch.de\/news\/","url":"https:\/\/www.crazy-bunny-ranch.de\/news\/","name":"News - crazy bunny\u00a0ranch","isPartOf":{"@id":"https:\/\/www.crazy-bunny-ranch.de\/#website"},"datePublished":"2023-10-02T16:57:07+00:00","dateModified":"2023-10-18T17:32:08+00:00","breadcrumb":{"@id":"https:\/\/www.crazy-bunny-ranch.de\/news\/#breadcrumb"},"inLanguage":"pl-PL","potentialAction":[{"@type":"ReadAction","target":["https:\/\/www.crazy-bunny-ranch.de\/news\/"]}]},{"@type":"BreadcrumbList","@id":"https:\/\/www.crazy-bunny-ranch.de\/news\/#breadcrumb","itemListElement":[{"@type":"ListItem","position":1,"name":"Home","item":"https:\/\/www.crazy-bunny-ranch.de\/"},{"@type":"ListItem","position":2,"name":"News"}]},{"@type":"WebSite","@id":"https:\/\/www.crazy-bunny-ranch.de\/#website","url":"https:\/\/www.crazy-bunny-ranch.de\/","name":"crazy bunny\u00a0ranch","description":"","publisher":{"@id":"https:\/\/www.crazy-bunny-ranch.de\/#organization"},"potentialAction":[{"@type":"SearchAction","target":{"@type":"EntryPoint","urlTemplate":"https:\/\/www.crazy-bunny-ranch.de\/?s={search_term_string}"},"query-input":{"@type":"PropertyValueSpecification","valueRequired":true,"valueName":"search_term_string"}}],"inLanguage":"pl-PL"},{"@type":"Organization","@id":"https:\/\/www.crazy-bunny-ranch.de\/#organization","name":"crazy bunny\u00a0ranch","url":"https:\/\/www.crazy-bunny-ranch.de\/","logo":{"@type":"ImageObject","inLanguage":"pl-PL","@id":"https:\/\/www.crazy-bunny-ranch.de\/#\/schema\/logo\/image\/","url":"https:\/\/www.crazy-bunny-ranch.de\/wp-content\/uploads\/2023\/10\/logo.png","contentUrl":"https:\/\/www.crazy-bunny-ranch.de\/wp-content\/uploads\/2023\/10\/logo.png","width":500,"height":377,"caption":"crazy bunny\u00a0ranch"},"image":{"@id":"https:\/\/www.crazy-bunny-ranch.de\/#\/schema\/logo\/image\/"}}]}},"_links":{"self":[{"href":"https:\/\/www.crazy-bunny-ranch.de\/pl\/wp-json\/wp\/v2\/pages\/717","targetHints":{"allow":["GET"]}}],"collection":[{"href":"https:\/\/www.crazy-bunny-ranch.de\/pl\/wp-json\/wp\/v2\/pages"}],"about":[{"href":"https:\/\/www.crazy-bunny-ranch.de\/pl\/wp-json\/wp\/v2\/types\/page"}],"author":[{"embeddable":true,"href":"https:\/\/www.crazy-bunny-ranch.de\/pl\/wp-json\/wp\/v2\/users\/4"}],"replies":[{"embeddable":true,"href":"https:\/\/www.crazy-bunny-ranch.de\/pl\/wp-json\/wp\/v2\/comments?post=717"}],"version-history":[{"count":10,"href":"https:\/\/www.crazy-bunny-ranch.de\/pl\/wp-json\/wp\/v2\/pages\/717\/revisions"}],"predecessor-version":[{"id":1560,"href":"https:\/\/www.crazy-bunny-ranch.de\/pl\/wp-json\/wp\/v2\/pages\/717\/revisions\/1560"}],"wp:attachment":[{"href":"https:\/\/www.crazy-bunny-ranch.de\/pl\/wp-json\/wp\/v2\/media?parent=717"}],"curies":[{"name":"wp","href":"https:\/\/api.w.org\/{rel}","templated":true}]}}