{"id":709,"date":"2023-10-02T16:58:10","date_gmt":"2023-10-02T16:58:10","guid":{"rendered":"https:\/\/www.crazy-bunny-ranch.de\/kontakt\/"},"modified":"2023-10-18T17:35:27","modified_gmt":"2023-10-18T17:35:27","slug":"kontakt","status":"publish","type":"page","link":"https:\/\/www.crazy-bunny-ranch.de\/pl\/kontakt\/","title":{"rendered":"Kontakt"},"content":{"rendered":"\t\t<div data-elementor-type=\"wp-page\" data-elementor-id=\"709\" class=\"elementor elementor-709 elementor-39\" data-elementor-post-type=\"page\">\n\t\t\t\t<div class=\"elementor-element elementor-element-a79fd04 e-flex e-con-boxed e-con e-parent\" data-id=\"a79fd04\" data-element_type=\"container\">\n\t\t\t\t\t<div class=\"e-con-inner\">\n\t\t\t\t<div class=\"elementor-element elementor-element-855d184 elementor-widget elementor-widget-Contactpagesettings\" data-id=\"855d184\" data-element_type=\"widget\" data-widget_type=\"Contactpagesettings.default\">\n\t\t\t\t<div class=\"elementor-widget-container\">\n\t\t\t\t\t\n        <style>\n            .page-template-parallax .psw-stage-outer {\n                padding-bottom: 0px !important;\n            }\n            .maps-address { position: unset; }\n            @media screen and (min-width: 40em) {\n                .page-template-parallax article:nth-child(2) {\n                    margin-top: 0px;\n                }\n            }\n            .wp-image-2335{\n                height: 50px !important;\n            }\n\n            .wpcf7-submit{\n                transition: background-color .25s ease-out,color .25s ease-out;\n                border-radius: 0;\n                padding: .85em 1em;\n                margin: 0 0 1rem;\n                    margin-bottom: 1rem;\n                font-size: .9rem;\n                background-color: 0;\n                color: #bf8c65;\n                border: none;\n            }\n\n         \n\n\n        <\/style>\n\n\n            <article class=\"row post-14 page type-page status-publish hentry\">\n                    <div class=\"column medium-4\">\n\n                      \n\n                        <h1 class=\"headline-main font-gradient hyphenate\">\n                            <span class=\"entry-title-primary\">Email <\/span> <span\n                                class=\"entry-subtitle\">CBR<\/span>\n                        <\/h1>\n                        <div class=\"post-content\">\n                            \n                            Chcesz skontaktowa\u0107 si\u0119 z nami osobi\u015bcie lub interesuje Ci\u0119 nasze <a title=\"berlin\" href=\"http:\/\/jobs\">og\u0142oszenie o prac\u0119<\/a>? Wi\u0119c jeste\u015b tutaj\ndok\u0142adnie.\n\n&nbsp;\n\nJeste\u015bmy cz\u0142onkiem <br>\n\n<a href=\"\/\" target=\"_blank\" rel=\"noopener\"><img decoding=\"async\" class=\"alignnone wp-image-2335\" src=\"\/wp-content\/uploads\/2023\/10\/bsd.jpg\" alt= \"\" szeroko\u015b\u0107=\"83\" wysoko\u015b\u0107=\"50\" \/><\/a>                        <\/div>\n\n                    <\/div>\n                    <div class=\"column medium-8\">\n                        <div class=\"tabs-container\">\n                            <ul class=\"tabs\" data-tabs id=\"example-tabs\">\n\n                                <li class=\"tabs-title medium-4 small-12 text-upper is-active\" id=\"tabs-title-kontakt\">\n                                    <a href=\"#kontakt\" class=\"anchor bold wide\" aria-selected=\"true\">\n                                        Kontakt <\/a>\n                                <\/li>\n                                <li class=\"tabs-title medium-4 small-12 text-upper\" id=\"tabs-title-jobs\">\n                                    <a href=\"#jobs\" class=\"anchor bold wide\">\n                                        Oferty pracy <\/a>\n                                <\/li>\n                                <li class=\"tabs-title medium-4 small-12 text-upper\" id=\"tabs-title-buchung\">\n                                    <a href=\"#buchung\" class=\"anchor bold wide\">\n                                        Ksi\u0105\u017ckowa pani <\/a>\n                                <\/li>\n                            <\/ul>\n                            <div class=\"tabs-content clearfix\" data-tabs-content=\"example-tabs\">\n                                <div class=\"tabs-panel is-active\" id=\"kontakt\">\n                                    <div class=\"tabs-content\">\n                                        <div class=\"row\">\n                                            <div class=\"column medium-8\">\n                                                \n                                                <p>Masz pytania, kt\u00f3rych my jeszcze nie mamy <a title=\"FAQ FKK \"\n                                                         href=\"\/faq\">FAQ<\/a>, na kt\u00f3re uda\u0142o Ci si\u0119 odpowiedzie\u0107? Pisa\u0107\n                                                     Wype\u0142nij nasz formularz kontaktowy, a my zajmiemy si\u0119 Twoim pytaniem.\n                                                 <\/p>                                            <\/div>\n                                            <div class=\"column medium-4\">\n                                                \n                                                Z wyrazami szacunku\n<p class=\"line-height-bigger\"><span class=\"font-coco-gothic-bold color-white\">CBR-Wsparcie<\/span> <br>\n<a class=\"color-dark-gray icon-phone\" href=\"tel:+49 6408 503 4207\">+4964085034207<\/a> <br>\n<a class=\"color-dark-gray icon-mail\" href=\"mailto:info@crazy-bunny-ranch.de\">info@crazy-bunny-ranch.de<\/a><\/p>                                                    \n                                            <\/div>\n                                        <\/div>\n                                        <div class=\"wpcf7 no-js\" id=\"wpcf7-f145-p14-o1\" lang=\"de-DE\" dir=\"ltr\">\n                                            <div class=\"screen-reader-response\">\n                                                <p role=\"status\" aria-live=\"polite\" aria-atomic=\"true\">\n                                                <ul><\/ul>\n                                            <\/div>\n\n                                            <p class=\"wpcf7-contact-form-not-found\"><strong>B\u0142\u0105d:<\/strong> Brak formularza kontaktowego.<\/p>\n                                           \n                                        <\/div>\n                                    <\/div>\n                                <\/div>\n                                <div class=\"tabs-panel\" id=\"jobs\">\n                                    <div class=\"tabs-content\">\n                                                                           \n                                        <div class=\"wpcf7 no-js\" id=\"wpcf7-f146-p14-o2\" lang=\"de-DE\" dir=\"ltr\">\n                                            <div class=\"screen-reader-response\">\n                                                <p role=\"status\" aria-live=\"polite\" aria-atomic=\"true\">\n                                                <ul><\/ul>\n                                            <\/div>\n                                            <p class=\"wpcf7-contact-form-not-found\"><strong>B\u0142\u0105d:<\/strong> Brak formularza kontaktowego.<\/p>                                           \n                                        <\/div>\n                                    <\/div>\n                                <\/div>\n\n                                <div class=\"tabs-panel\" id=\"buchung\">\n                                    <div class=\"tabs-content\">\n                                        <div class=\"wpcf7 no-js\" id=\"wpcf7-f2007-p14-o3\" lang=\"de-DE\" dir=\"ltr\">\n                                            <div class=\"screen-reader-response\">\n                                                <p role=\"status\" aria-live=\"polite\" aria-atomic=\"true\">\n                                                <ul><\/ul>\n                                            <\/div>\n                                            <p class=\"wpcf7-contact-form-not-found\"><strong>B\u0142\u0105d:<\/strong> Brak formularza kontaktowego.<\/p>                                            \n                                           \n                                        <\/div>\n                                    <\/div>\n                                <\/div>\n                            <\/div>\n                        <\/div>\n                    <\/div>\n                <\/article>\n                <script>\n                    let hash = window.location.hash;\n                    switch (hash) {\n                        case '#buchung':\n                            jQuery('.tabs-panel').removeClass('is-active');\n                            jQuery('.tabs-panel#buchung').addClass('is-active');\n                            jQuery('.tabs-title').removeClass('is-active');\n                            jQuery('#tabs-title-buchung').addClass('is-active');\n                            break;\n                        case '#jobs':\n                            jQuery('.tabs-panel').removeClass('is-active');\n                            jQuery('.tabs-panel#jobs').addClass('is-active');\n                            jQuery('.tabs-title').removeClass('is-active');\n                            jQuery('#tabs-title-jobs').addClass('is-active');\n                            break;\n                    }\n\n                <\/script>\n\n\t\n\t\t\n\t\t\t\t\t\t<\/div>\n\t\t\t\t<\/div>\n\t\t\t\t\t<\/div>\n\t\t\t\t<\/div>\n\t\t\t\t<\/div>\n\t\t","protected":false},"excerpt":{"rendered":"<p>Email CBR Chcesz skontaktowa\u0107 si\u0119 z nami osobi\u015bcie lub interesuje Ci\u0119 nasze og\u0142oszenie o prac\u0119? Wi\u0119c jeste\u015b tutaj dok\u0142adnie. &nbsp; Jeste\u015bmy cz\u0142onkiem Kontakt Oferty pracy Ksi\u0105\u017ckowa pani Masz pytania, kt\u00f3rych my jeszcze nie mamy FAQ, na kt\u00f3re uda\u0142o Ci si\u0119 odpowiedzie\u0107? Pisa\u0107 Wype\u0142nij nasz formularz kontaktowy, a my zajmiemy si\u0119 Twoim pytaniem. Z wyrazami szacunku [&hellip;]<\/p>\n","protected":false},"author":4,"featured_media":0,"parent":0,"menu_order":0,"comment_status":"closed","ping_status":"closed","template":"","meta":{"footnotes":""},"class_list":["post-709","page","type-page","status-publish","hentry"],"yoast_head":"<!-- This site is optimized with the Yoast SEO plugin v25.6 - https:\/\/yoast.com\/wordpress\/plugins\/seo\/ -->\n<title>Kontakt - crazy bunny\u00a0ranch<\/title>\n<meta name=\"robots\" content=\"index, nofollow, max-video-preview:-1, noimageindex, noarchive, nosnippet\" \/>\n<link rel=\"canonical\" href=\"https:\/\/www.crazy-bunny-ranch.de\/kontakt\/\" \/>\n<meta property=\"og:locale\" content=\"pl_PL\" \/>\n<meta property=\"og:type\" content=\"article\" \/>\n<meta property=\"og:title\" content=\"Kontakt - crazy bunny\u00a0ranch\" \/>\n<meta property=\"og:description\" content=\"Email CBR Chcesz skontaktowa\u0107 si\u0119 z nami osobi\u015bcie lub interesuje Ci\u0119 nasze og\u0142oszenie o prac\u0119? Wi\u0119c jeste\u015b tutaj dok\u0142adnie. &nbsp; Jeste\u015bmy cz\u0142onkiem Kontakt Oferty pracy Ksi\u0105\u017ckowa pani Masz pytania, kt\u00f3rych my jeszcze nie mamy FAQ, na kt\u00f3re uda\u0142o Ci si\u0119 odpowiedzie\u0107? Pisa\u0107 Wype\u0142nij nasz formularz kontaktowy, a my zajmiemy si\u0119 Twoim pytaniem. Z wyrazami szacunku [&hellip;]\" \/>\n<meta property=\"og:url\" content=\"https:\/\/www.crazy-bunny-ranch.de\/kontakt\/\" \/>\n<meta property=\"og:site_name\" content=\"crazy bunny\u00a0ranch\" \/>\n<meta property=\"article:modified_time\" content=\"2023-10-18T17:35:27+00:00\" \/>\n<meta name=\"twitter:card\" content=\"summary_large_image\" \/>\n<meta name=\"twitter:label1\" content=\"Szacowany czas czytania\" \/>\n\t<meta name=\"twitter:data1\" content=\"2 minuty\" \/>\n<script type=\"application\/ld+json\" class=\"yoast-schema-graph\">{\"@context\":\"https:\/\/schema.org\",\"@graph\":[{\"@type\":\"WebPage\",\"@id\":\"https:\/\/www.crazy-bunny-ranch.de\/kontakt\/\",\"url\":\"https:\/\/www.crazy-bunny-ranch.de\/kontakt\/\",\"name\":\"Kontakt - crazy bunny\u00a0ranch\",\"isPartOf\":{\"@id\":\"https:\/\/www.crazy-bunny-ranch.de\/#website\"},\"datePublished\":\"2023-10-02T16:58:10+00:00\",\"dateModified\":\"2023-10-18T17:35:27+00:00\",\"breadcrumb\":{\"@id\":\"https:\/\/www.crazy-bunny-ranch.de\/kontakt\/#breadcrumb\"},\"inLanguage\":\"pl-PL\",\"potentialAction\":[{\"@type\":\"ReadAction\",\"target\":[\"https:\/\/www.crazy-bunny-ranch.de\/kontakt\/\"]}]},{\"@type\":\"BreadcrumbList\",\"@id\":\"https:\/\/www.crazy-bunny-ranch.de\/kontakt\/#breadcrumb\",\"itemListElement\":[{\"@type\":\"ListItem\",\"position\":1,\"name\":\"Home\",\"item\":\"https:\/\/www.crazy-bunny-ranch.de\/\"},{\"@type\":\"ListItem\",\"position\":2,\"name\":\"Kontakt\"}]},{\"@type\":\"WebSite\",\"@id\":\"https:\/\/www.crazy-bunny-ranch.de\/#website\",\"url\":\"https:\/\/www.crazy-bunny-ranch.de\/\",\"name\":\"crazy bunny\u00a0ranch\",\"description\":\"\",\"publisher\":{\"@id\":\"https:\/\/www.crazy-bunny-ranch.de\/#organization\"},\"potentialAction\":[{\"@type\":\"SearchAction\",\"target\":{\"@type\":\"EntryPoint\",\"urlTemplate\":\"https:\/\/www.crazy-bunny-ranch.de\/?s={search_term_string}\"},\"query-input\":{\"@type\":\"PropertyValueSpecification\",\"valueRequired\":true,\"valueName\":\"search_term_string\"}}],\"inLanguage\":\"pl-PL\"},{\"@type\":\"Organization\",\"@id\":\"https:\/\/www.crazy-bunny-ranch.de\/#organization\",\"name\":\"crazy bunny\u00a0ranch\",\"url\":\"https:\/\/www.crazy-bunny-ranch.de\/\",\"logo\":{\"@type\":\"ImageObject\",\"inLanguage\":\"pl-PL\",\"@id\":\"https:\/\/www.crazy-bunny-ranch.de\/#\/schema\/logo\/image\/\",\"url\":\"https:\/\/www.crazy-bunny-ranch.de\/wp-content\/uploads\/2023\/10\/logo.png\",\"contentUrl\":\"https:\/\/www.crazy-bunny-ranch.de\/wp-content\/uploads\/2023\/10\/logo.png\",\"width\":500,\"height\":377,\"caption\":\"crazy bunny\u00a0ranch\"},\"image\":{\"@id\":\"https:\/\/www.crazy-bunny-ranch.de\/#\/schema\/logo\/image\/\"}}]}<\/script>\n<!-- \/ Yoast SEO plugin. -->","yoast_head_json":{"title":"Kontakt - crazy bunny\u00a0ranch","robots":{"index":"index","follow":"nofollow","max-video-preview":"max-video-preview:-1","imageindex":"noimageindex","archive":"noarchive","snippet":"nosnippet"},"canonical":"https:\/\/www.crazy-bunny-ranch.de\/kontakt\/","og_locale":"pl_PL","og_type":"article","og_title":"Kontakt - crazy bunny\u00a0ranch","og_description":"Email CBR Chcesz skontaktowa\u0107 si\u0119 z nami osobi\u015bcie lub interesuje Ci\u0119 nasze og\u0142oszenie o prac\u0119? Wi\u0119c jeste\u015b tutaj dok\u0142adnie. &nbsp; Jeste\u015bmy cz\u0142onkiem Kontakt Oferty pracy Ksi\u0105\u017ckowa pani Masz pytania, kt\u00f3rych my jeszcze nie mamy FAQ, na kt\u00f3re uda\u0142o Ci si\u0119 odpowiedzie\u0107? Pisa\u0107 Wype\u0142nij nasz formularz kontaktowy, a my zajmiemy si\u0119 Twoim pytaniem. Z wyrazami szacunku [&hellip;]","og_url":"https:\/\/www.crazy-bunny-ranch.de\/kontakt\/","og_site_name":"crazy bunny\u00a0ranch","article_modified_time":"2023-10-18T17:35:27+00:00","twitter_card":"summary_large_image","twitter_misc":{"Szacowany czas czytania":"2 minuty"},"schema":{"@context":"https:\/\/schema.org","@graph":[{"@type":"WebPage","@id":"https:\/\/www.crazy-bunny-ranch.de\/kontakt\/","url":"https:\/\/www.crazy-bunny-ranch.de\/kontakt\/","name":"Kontakt - crazy bunny\u00a0ranch","isPartOf":{"@id":"https:\/\/www.crazy-bunny-ranch.de\/#website"},"datePublished":"2023-10-02T16:58:10+00:00","dateModified":"2023-10-18T17:35:27+00:00","breadcrumb":{"@id":"https:\/\/www.crazy-bunny-ranch.de\/kontakt\/#breadcrumb"},"inLanguage":"pl-PL","potentialAction":[{"@type":"ReadAction","target":["https:\/\/www.crazy-bunny-ranch.de\/kontakt\/"]}]},{"@type":"BreadcrumbList","@id":"https:\/\/www.crazy-bunny-ranch.de\/kontakt\/#breadcrumb","itemListElement":[{"@type":"ListItem","position":1,"name":"Home","item":"https:\/\/www.crazy-bunny-ranch.de\/"},{"@type":"ListItem","position":2,"name":"Kontakt"}]},{"@type":"WebSite","@id":"https:\/\/www.crazy-bunny-ranch.de\/#website","url":"https:\/\/www.crazy-bunny-ranch.de\/","name":"crazy bunny\u00a0ranch","description":"","publisher":{"@id":"https:\/\/www.crazy-bunny-ranch.de\/#organization"},"potentialAction":[{"@type":"SearchAction","target":{"@type":"EntryPoint","urlTemplate":"https:\/\/www.crazy-bunny-ranch.de\/?s={search_term_string}"},"query-input":{"@type":"PropertyValueSpecification","valueRequired":true,"valueName":"search_term_string"}}],"inLanguage":"pl-PL"},{"@type":"Organization","@id":"https:\/\/www.crazy-bunny-ranch.de\/#organization","name":"crazy bunny\u00a0ranch","url":"https:\/\/www.crazy-bunny-ranch.de\/","logo":{"@type":"ImageObject","inLanguage":"pl-PL","@id":"https:\/\/www.crazy-bunny-ranch.de\/#\/schema\/logo\/image\/","url":"https:\/\/www.crazy-bunny-ranch.de\/wp-content\/uploads\/2023\/10\/logo.png","contentUrl":"https:\/\/www.crazy-bunny-ranch.de\/wp-content\/uploads\/2023\/10\/logo.png","width":500,"height":377,"caption":"crazy bunny\u00a0ranch"},"image":{"@id":"https:\/\/www.crazy-bunny-ranch.de\/#\/schema\/logo\/image\/"}}]}},"_links":{"self":[{"href":"https:\/\/www.crazy-bunny-ranch.de\/pl\/wp-json\/wp\/v2\/pages\/709","targetHints":{"allow":["GET"]}}],"collection":[{"href":"https:\/\/www.crazy-bunny-ranch.de\/pl\/wp-json\/wp\/v2\/pages"}],"about":[{"href":"https:\/\/www.crazy-bunny-ranch.de\/pl\/wp-json\/wp\/v2\/types\/page"}],"author":[{"embeddable":true,"href":"https:\/\/www.crazy-bunny-ranch.de\/pl\/wp-json\/wp\/v2\/users\/4"}],"replies":[{"embeddable":true,"href":"https:\/\/www.crazy-bunny-ranch.de\/pl\/wp-json\/wp\/v2\/comments?post=709"}],"version-history":[{"count":16,"href":"https:\/\/www.crazy-bunny-ranch.de\/pl\/wp-json\/wp\/v2\/pages\/709\/revisions"}],"predecessor-version":[{"id":1563,"href":"https:\/\/www.crazy-bunny-ranch.de\/pl\/wp-json\/wp\/v2\/pages\/709\/revisions\/1563"}],"wp:attachment":[{"href":"https:\/\/www.crazy-bunny-ranch.de\/pl\/wp-json\/wp\/v2\/media?parent=709"}],"curies":[{"name":"wp","href":"https:\/\/api.w.org\/{rel}","templated":true}]}}