{"id":693,"date":"2023-10-02T13:15:45","date_gmt":"2023-10-02T13:15:45","guid":{"rendered":"https:\/\/www.crazy-bunny-ranch.de\/home\/"},"modified":"2023-10-18T17:29:52","modified_gmt":"2023-10-18T17:29:52","slug":"home","status":"publish","type":"page","link":"https:\/\/www.crazy-bunny-ranch.de\/pl\/","title":{"rendered":"Home"},"content":{"rendered":"\t\t<div data-elementor-type=\"wp-page\" data-elementor-id=\"693\" class=\"elementor elementor-693 elementor-18\" data-elementor-post-type=\"page\">\n\t\t\t\t<div class=\"elementor-element elementor-element-97c3d0c e-flex e-con-boxed e-con e-parent\" data-id=\"97c3d0c\" data-element_type=\"container\">\n\t\t\t\t\t<div class=\"e-con-inner\">\n\t\t\t\t<div class=\"elementor-element elementor-element-18712ea elementor-widget elementor-widget-hello_world_widget_2\" data-id=\"18712ea\" data-element_type=\"widget\" data-widget_type=\"hello_world_widget_2.default\">\n\t\t\t\t<div class=\"elementor-widget-container\">\n\t\t\t\t\t\n        \n\n        <article id=\"post-2\" class=\"row widget-video post-2 page type-page status-publish hentry\"\n            data-art-id=\"90\">\n            <div class=\"column medium-4 parallax\" data-parallax-speed=\"0.7\">\n                <div class=\"headerlogo\">\n<h1 class=\"hcrazy\">Crazy<\/h1>\n<h1 class=\"hbunny\">Bunny<\/h1>\n<h1 class=\"hranch\">Ranch<\/h1>\n<\/div>\n<h5><strong>\nWITAJ NA RANCZE CRAZY BUNNY! <\/strong><\/h5>\n<h4 class=\"headline-secondary\"><span style=\"color: #e8bc7b;\">Otwarte 365 dni w roku!<\/span><\/h4>\nOd niedzieli do czwartku 11:00 - 4:00\n\nPi\u0105tek i sobota 11:00 - 5:00                \n            <\/div>\n            <div class=\"relative\">\n                <div class=\"column slogan parallax foreground\" data-parallax-speed=\"0.9\">\n                    <div class=\"rotate-90deg glow font-anders\">Dobra kondycja\n<\/div>\n                <\/div>\n                <div class=\"column medium-7 video-frame parallax\" data-parallax-speed=\"0.6\">\n                    <div class=\"responsive-aspect-ratio ratio-home-video\">\n                        <div class=\"aspect-ratio-content\">\n                           \n                            <iframe id=\"wellness-video-90\" name=\"wellness-video-90\"\n                                class=\"wellness-video-90\" style=\"width: 100%; height: 100%;;\"\n                                allowfullscreen=\"\"\n                                data-src=\"https:\/\/www.crazy-bunny-ranch.de\/videoplay.php?vurl=https:\/\/crazy-bunny-ranch.de\/CBRFHD.mp4&vposter=kk\"\n                                data-ref-id=\"90\"><\/iframe>\n\n                                \n                            <!-- <div class=\"js-toggle-playback show-for-small-only\"\n                                data-toggle-video=\"wellness-video-90\"\n                                style=\"background-image: url('https:\/\/fkk.devswebsite.de\/wp-content\/uploads\/2023\/10\/1.png');\">\n                            <\/div> -->\n                        <\/div>\n                    <\/div>\n                <\/div>\n            <\/div>\n        <\/article><!-- #post-2 -->\n\n        <article class=\"row widget-video\">\n            <div class=\"column slogan parallax foreground\" data-parallax-speed=\"0.9\">\n                <div class=\"rotate-90deg glow font-anders\">zdatno\u015b\u0107\n<\/div>\n            <\/div>\n            <div class=\"column medium-7 medium-offset-1 video-frame parallax\" data-parallax-speed=\"0.7\">\n                <div class=\"responsive-aspect-ratio ratio-home-video\">\n                    <div class=\"aspect-ratio-content\">\n                        <img decoding=\"async\" src=\"https:\/\/www.crazy-bunny-ranch.de\/wp-content\/uploads\/2023\/10\/DSC07310.jpeg\" alt=\"\"> \n                        <!-- <iframe id=\"home-video-92\" name=\"home-video-92\" class=\"home-video-92\"\n                            style=\"width: 100%; height: 100%;;\" allowfullscreen=\"\"\n                            data-src=\"https:\/\/www.crazy-bunny-ranch.de\/videoplay.php?vurl=https:\/\/www.crazy-bunny-ranch.de\/wp-content\/uploads\/2023\/10\/cbrvideo.mp4&vposter=gg\"\n                            data-ref-id=\"92\"><\/iframe>\n                         <div class=\"js-toggle-playback show-for-small-only\"\n                            data-toggle-video=\"home-video-92\"\n                            style=\"background-image: url('https:\/\/fkk.devswebsite.de\/wp-content\/uploads\/2023\/10\/2.png');\"><\/div> -->\n                    <\/div>\n                <\/div>\n            <\/div>\n            <div class=\"column medium-3 text-content\">\n                <div class=\"parallax hyphenate\" data-parallax-speed=\"0.8\">\n                <h2 class=\"headline-wt\u00f3rny czcionka-gradient tytu\u0142 tekst-right\">\u015aliczne kr\u00f3liczki i nie tylko!<\/h2>\nChcesz kr\u00f3liczki? Oczywi\u015bcie, \u017ce tego chcesz! Bo ka\u017cdy pragnie s\u0142odkich, milutkich kr\u00f3liczk\u00f3w - zw\u0142aszcza gdy przeskakuj\u0105 Ci drog\u0119 tak lekko, jak na Ranczu Crazy Bunny - ekskluzywnym o\u015brodku dla kr\u00f3liczk\u00f3w lubi\u0105cych dobr\u0105 zabaw\u0119! Kt\u00f3rzy tak samo jak Ty kochaj\u0105 przygod\u0119 i erotyzm, relaksuj\u0105cy wellness, ekscytuj\u0105c\u0105 rozrywk\u0119, kulinarne przysmaki, pyszne drinki i niezapomniane imprezy! Na Ranczu Crazy Bunny spotykacie si\u0119, aby wznie\u015b\u0107 toast za najwy\u017cszej klasy do\u015bwiadczenie klubu nudyst\u00f3w i sauny, uwolnionego od wszelkich zmartwie\u0144!\n<h2 class=\"headline-wt\u00f3rny czcionka-gradient tytu\u0142 tekst-right\">Ranczo Crazy Bunny<\/h2>\nRanczo Crazy Bunny jest du\u017ce i oferuje idealne El Dorado dla Twoich fantazji i pragnie\u0144. U nas zrelaksujesz si\u0119 pod ka\u017cdym wzgl\u0119dem i mi\u0142o sp\u0119dzisz czas na imprezie. Oczywi\u015bcie \u201ekr\u00f3liczki\u201d r\u00f3wnie\u017c ch\u0119tnie wykonuj\u0105 dla Ciebie czynno\u015bci erotyczne. Podobnie jak nasi profesjonalni masa\u017cy\u015bci, oferuj\u0105 oni Pa\u0144stwu swoje korzystne us\u0142ugi jako niezale\u017cni us\u0142ugodawcy.                <\/div>\n            <\/div>\n        <\/article>\n        <article class=\"row widget-video\">\n            <div class=\"column slogan parallax foreground\" data-parallax-speed=\"0.8\">\n                <div class=\"rotate-90deg glow font-anders\">erotyczno\u015b\u0107\n<\/div>\n            <\/div>\n            <div class=\"column medium-7 medium-offset-1 video-frame parallax\" data-parallax-speed=\"0.6\">\n                <div class=\"responsive-aspect-ratio ratio-home-video\">\n                    <div class=\"aspect-ratio-content\">\n\n                        <img decoding=\"async\" src=\"https:\/\/www.crazy-bunny-ranch.de\/wp-content\/uploads\/2023\/10\/DSC07343.jpeg\" alt=\"\">\n                        <!-- <iframe id=\"home-video-95\" name=\"home-video-95\" class=\"home-video-95\"\n                            style=\"width: 100%; height: 100%;;\" allowfullscreen=\"\"\n                            data-src=\"https:\/\/fkk.devswebsite.de\/videoplay.php?vurl=https:\/\/fkk-village.com\/wp-content\/uploads\/2021\/10\/videoplayback_s.mp4&vposter=https:\/\/fkk.devswebsite.de\/wp-content\/uploads\/2023\/10\/3.png\"\n                            data-ref-id=\"95\"><\/iframe>\n                        <div class=\"js-toggle-playback show-for-small-only\"\n                            data-toggle-video=\"home-video-95\"\n                            style=\"background-image: url('https:\/\/fkk.devswebsite.de\/wp-content\/uploads\/2023\/10\/3.png');\"><\/div> -->\n                    <\/div>\n                <\/div>\n            <\/div>\n            <div class=\"column medium-4 text-content\">\n                <div class=\"parallax hyphenate\" data-parallax-speed=\"0.7\">\n                <h2 class=\"headline-wt\u00f3rny czcionka-gradient tytu\u0142 \">12500 m\u00b2 na Twoje kr\u00f3tkie wakacje!<\/h2>\nWewn\u0105trz rancza odkryjesz 2500 m\u00b2 czystej ekskluzywno\u015bci: stylowe pokoje, eleganckie wn\u0119trza i mn\u00f3stwo miejsca na relaks, a nasza przestrze\u0144 zewn\u0119trzna o powierzchni 10 000 m\u00b2 oferuje najlepsz\u0105 karaibsk\u0105 atmosfer\u0119 z palmami, basenem i barem, kt\u00f3ry a\u017c(!) Woda wystarczy. Mo\u017cesz zam\u00f3wi\u0107 napoje w wodzie i pi\u0107 je tam - nawet podczas deszczowej pogody, a nawet zim\u0105, poniewa\u017c nasz du\u017cy odkryty basen jest zadaszony i podgrzewany przez ca\u0142y rok.\n<h2 class=\"headline-wt\u00f3rny czcionka-gradient tytu\u0142 \">Baw si\u0119 dobrze!<\/h2>\nKiedy Crazy Bunny Ranch \u015bwi\u0119tuje, powiniene\u015b tam by\u0107! Regularnie oferujemy Pa\u0144stwu nowe, zapieraj\u0105ce dech w piersiach wydarzenia z tancerzami, artystami i gwiazdami erotycznymi. Poczuj emocje jak w cyrku z ziej\u0105cymi ogniem, \u017conglerami, magikami i akrobatami i daj si\u0119 ponie\u015b\u0107 erotycznym wyst\u0119pom na \u017cywo!                <\/div>\n            <\/div>\n        <\/article>\n        <article class=\"row widget-video\">\n            <div class=\"column slogan parallax foreground\" data-parallax-speed=\"0.9\">\n                <div class=\"rotate-90deg glow font-anders\">Bufet\n<\/div>\n            <\/div>\n            <div class=\"column medium-7 video-frame parallax\" data-parallax-speed=\"0.7\">\n                <div class=\"responsive-aspect-ratio ratio-home-video\">\n                    <div class=\"aspect-ratio-content\">\n                        <img decoding=\"async\" src=\"https:\/\/www.crazy-bunny-ranch.de\/wp-content\/uploads\/2023\/10\/DSC07301.jpeg\" alt=\"\">\n                        <!-- <iframe id=\"home-video-97\" name=\"home-video-97\" class=\"home-video-97\"\n                            style=\"width: 100%; height: 100%;;\" allowfullscreen=\"\"\n                            data-src=\"https:\/\/fkk.devswebsite.de\/videoplay.php?vurl=https:\/\/fkk-village.com\/wp-content\/uploads\/2021\/10\/videoplayback_s.mp4&vposter=https:\/\/fkk.devswebsite.de\/wp-content\/uploads\/2023\/10\/4.png\"\n                            data-ref-id=\"97\"><\/iframe>\n                        <div class=\"js-toggle-playback show-for-small-only\"\n                            data-toggle-video=\"home-video-97\"\n                            style=\"background-image: url('https:\/\/fkk.devswebsite.de\/wp-content\/uploads\/2023\/10\/4.png');\"><\/div> -->\n                    <\/div>\n                <\/div>\n            <\/div>\n            <div class=\"column medium-4 text-content\">\n                <div class=\"parallax hyphenate\" data-parallax-speed=\"0.8\">\n                <h2 class=\"headline-wt\u00f3rny tytu\u0142 czcionki-gradientu exclcss\">E X K L U S I V E\nF E A T U R E S<\/h2>\nRanczo Crazy Bunny oferuje wiele ekskluzywnych funkcji, kt\u00f3rych nie chcemy Ci odmawia\u0107. Dla lepszego zrozumienia, oto najwa\u017cniejsze fakty.\n<ul class=\"icon-list ulclss\">\n  <li>Karaibska atmosfera z palmami na zewn\u0105trz<\/li>\n  <li>Bar przy basenie si\u0119gaj\u0105cy do wody<\/li>\n  <li>zadaszony basen podgrzewany przez ca\u0142y rok<\/li>\n  <li>Sauna zewn\u0119trzna (do na\u015bladowania)<\/li>\n  <li>ekskluzywny salon z dobrze zaopatrzonym barem<\/li>\n  <li>regularne wydarzenia z udzia\u0142em mi\u0119dzynarodowych artyst\u00f3w<\/li>\n  <li>zmiana mi\u0119dzynarodowych go\u015bci<\/li>\n  <li>Du\u017cy jacuzzi i sauna w strefie spa<\/li>\n  <li>Karaibska atmosfera z palmami na zewn\u0105trz<\/li>\n  <li>Bar przy basenie schodz\u0105cy do wody<\/li>\n  <li>zadaszony basen podgrzewany przez ca\u0142y rok<\/li>\n  <li>Sauna zewn\u0119trzna (do na\u015bladowania)<\/li>\n  <li>ekskluzywny salon z dobrze zaopatrzonym barem<\/li>\n  <li>regularne wydarzenia z udzia\u0142em mi\u0119dzynarodowych artyst\u00f3w<\/li>\n  <li>zmiana mi\u0119dzynarodowych go\u015bci<\/li>\n<\/ul>                <\/div>\n            <\/div>\n        <\/article>\n        <article class=\"row widget-video\">\n            <div class=\"column slogan parallax foreground\" data-parallax-speed=\"0.8\">\n                <div class=\"rotate-90deg glow font-anders\">Specjalne oferty\n<\/div>\n            <\/div>\n            <div class=\"column medium-7 video-frame parallax\" data-parallax-speed=\"0.7\">\n                <div class=\"responsive-aspect-ratio ratio-home-video\">\n                    <div class=\"aspect-ratio-content\">\n                        <img decoding=\"async\" src=\"https:\/\/www.crazy-bunny-ranch.de\/wp-content\/uploads\/2023\/10\/DSC07319.jpeg\" alt=\"\">\n                        <!-- <iframe id=\"home-video-102\" name=\"home-video-102\" class=\"home-video-102\"\n                            style=\"width: 100%; height: 100%;;\" allowfullscreen=\"\"\n                            data-src=\"https:\/\/fkk.devswebsite.de\/videoplay.php?vurl=https:\/\/fkk-village.com\/wp-content\/uploads\/2021\/10\/videoplayback_s.mp4&vposter=https:\/\/fkk.devswebsite.de\/wp-content\/uploads\/2023\/10\/5.png\"\n                            data-ref-id=\"102\"><\/iframe>\n                        <div class=\"js-toggle-playback show-for-small-only\"\n                            data-toggle-video=\"home-video-102\"\n                            style=\"background-image: url('https:\/\/fkk.devswebsite.de\/wp-content\/uploads\/2023\/10\/5.png');\"><\/div> -->\n                    <\/div>\n                <\/div>\n            <\/div>\n            <div class=\"column medium-3 float-left text-content\">\n                <div class=\"parallax hyphenate\" data-parallax-speed=\"0.6\">\n                                <\/div>\n            <\/div>\n        <\/article>\n        \n        <article class=\"row widget-video lastvcss\">\n            <div class=\"column slogan parallax foreground\" data-parallax-speed=\"0.7\">\n                <div class=\"rotate-90deg glow font-anders\">Na dworze<\/div>\n            <\/div>\n            <div class=\"lastvid_css_iframe column medium-7 medium-offset-1 video-frame parallax\" data-parallax-speed=\"0.8\">\n                <div class=\"responsive-aspect-ratio ratio-home-video\">\n                    <div class=\"aspect-ratio-content\">\n                        <iframe id=\"home-video-99\" name=\"home-video-99\" class=\"home-video-99\"\n                            style=\"width: 100%; height: 100%;;\" allowfullscreen=\"\"\n                            data-src=\"https:\/\/www.crazy-bunny-ranch.de\/videoplay.php?vurl=https:\/\/fkk-village.com\/wp-content\/uploads\/2021\/10\/videoplayback_s.mp4&vposter=https:\/\/fkk.devswebsite.de\/wp-content\/uploads\/2023\/10\/6.png\"\n                            data-ref-id=\"99\"><\/iframe>\n                        <div class=\"js-toggle-playback show-for-small-only\"\n                            data-toggle-video=\"home-video-99\"\n                            style=\"background-image: url('https:\/\/fkk.devswebsite.de\/wp-content\/uploads\/2023\/10\/6.png');\"><\/div>\n                    <\/div>\n                <\/div>\n            <\/div>\n            <div class=\"column medium-4 text-content\">\n                <div class=\"parallax hyphenate\" data-parallax-speed=\"0.6\">\n                <h2 class=\"headline-wt\u00f3rny czcionka-gradient tytu\u0142 \">Tw\u00f3j bilet do szcz\u0119\u015bcia<\/h2>\nNa jeden dzie\u0144 na ranczu Crazy Bunny mo\u017cesz wybra\u0107 jedn\u0105 z dw\u00f3ch opcji wej\u015bcia.\nZa 20 euro otrzymujesz dost\u0119p do infrastruktury klubu, a tak\u017ce szlafrok plus dwa r\u0119czniki i klapki. Je\u015bli wolisz, mo\u017cesz tak\u017ce zabra\u0107 ze sob\u0105 w\u0142asny str\u00f3j k\u0105pielowy. Napoje, zam\u00f3wienia w formie bufetu i \u00e0 la carte s\u0105 dodatkowo p\u0142atne.\n\nZa 45 euro opr\u00f3cz wst\u0119pu do klubu i przybor\u00f3w k\u0105pielowych otrzymasz tak\u017ce napoje bezalkoholowe takie jak woda, cola, Sprite czy specja\u0142y kawowe. W cen\u0119 wliczone s\u0105 tak\u017ce trzy piwa, \u015bniadanie (11:00 - 15:00) i posi\u0142ki w formie bufetu (od 17:00).                <\/div>\n            <\/div>\n        <\/article>\n        \n    \n        \n        \t\t\t\t<\/div>\n\t\t\t\t<\/div>\n\t\t\t\t\t<\/div>\n\t\t\t\t<\/div>\n\t\t\t\t<\/div>\n\t\t","protected":false},"excerpt":{"rendered":"<p>Crazy Bunny Ranch WITAJ NA RANCZE CRAZY BUNNY! Otwarte 365 dni w roku! Od niedzieli do czwartku 11:00 &#8211; 4:00 Pi\u0105tek i sobota 11:00 &#8211; 5:00 Dobra kondycja zdatno\u015b\u0107 \u015aliczne kr\u00f3liczki i nie tylko! Chcesz kr\u00f3liczki? Oczywi\u015bcie, \u017ce tego chcesz! Bo ka\u017cdy pragnie s\u0142odkich, milutkich kr\u00f3liczk\u00f3w &#8211; zw\u0142aszcza gdy przeskakuj\u0105 Ci drog\u0119 tak lekko, jak [&hellip;]<\/p>\n","protected":false},"author":4,"featured_media":0,"parent":0,"menu_order":0,"comment_status":"closed","ping_status":"closed","template":"","meta":{"footnotes":""},"class_list":["post-693","page","type-page","status-publish","hentry"],"yoast_head":"<!-- This site is optimized with the Yoast SEO plugin v25.6 - https:\/\/yoast.com\/wordpress\/plugins\/seo\/ -->\n<title>Home - crazy bunny\u00a0ranch<\/title>\n<meta name=\"robots\" content=\"index, follow, max-snippet:-1, max-image-preview:large, max-video-preview:-1\" \/>\n<link rel=\"canonical\" href=\"https:\/\/www.crazy-bunny-ranch.de\/\" \/>\n<meta property=\"og:locale\" content=\"pl_PL\" \/>\n<meta property=\"og:type\" content=\"article\" \/>\n<meta property=\"og:title\" content=\"Home - crazy bunny\u00a0ranch\" \/>\n<meta property=\"og:description\" content=\"Crazy Bunny Ranch WITAJ NA RANCZE CRAZY BUNNY! Otwarte 365 dni w roku! Od niedzieli do czwartku 11:00 &#8211; 4:00 Pi\u0105tek i sobota 11:00 &#8211; 5:00 Dobra kondycja zdatno\u015b\u0107 \u015aliczne kr\u00f3liczki i nie tylko! Chcesz kr\u00f3liczki? Oczywi\u015bcie, \u017ce tego chcesz! Bo ka\u017cdy pragnie s\u0142odkich, milutkich kr\u00f3liczk\u00f3w &#8211; zw\u0142aszcza gdy przeskakuj\u0105 Ci drog\u0119 tak lekko, jak [&hellip;]\" \/>\n<meta property=\"og:url\" content=\"https:\/\/www.crazy-bunny-ranch.de\/\" \/>\n<meta property=\"og:site_name\" content=\"crazy bunny\u00a0ranch\" \/>\n<meta property=\"article:modified_time\" content=\"2023-10-18T17:29:52+00:00\" \/>\n<meta property=\"og:image\" content=\"https:\/\/www.crazy-bunny-ranch.de\/wp-content\/uploads\/2023\/10\/img1.jpg\" \/>\n<meta name=\"twitter:card\" content=\"summary_large_image\" \/>\n<meta name=\"twitter:label1\" content=\"Szacowany czas czytania\" \/>\n\t<meta name=\"twitter:data1\" content=\"4 minuty\" \/>\n<script type=\"application\/ld+json\" class=\"yoast-schema-graph\">{\"@context\":\"https:\/\/schema.org\",\"@graph\":[{\"@type\":\"WebPage\",\"@id\":\"https:\/\/www.crazy-bunny-ranch.de\/\",\"url\":\"https:\/\/www.crazy-bunny-ranch.de\/\",\"name\":\"Home - crazy bunny\u00a0ranch\",\"isPartOf\":{\"@id\":\"https:\/\/www.crazy-bunny-ranch.de\/#website\"},\"primaryImageOfPage\":{\"@id\":\"https:\/\/www.crazy-bunny-ranch.de\/#primaryimage\"},\"image\":{\"@id\":\"https:\/\/www.crazy-bunny-ranch.de\/#primaryimage\"},\"thumbnailUrl\":\"https:\/\/www.crazy-bunny-ranch.de\/wp-content\/uploads\/2023\/10\/img1.jpg\",\"datePublished\":\"2023-10-02T13:15:45+00:00\",\"dateModified\":\"2023-10-18T17:29:52+00:00\",\"breadcrumb\":{\"@id\":\"https:\/\/www.crazy-bunny-ranch.de\/#breadcrumb\"},\"inLanguage\":\"pl-PL\",\"potentialAction\":[{\"@type\":\"ReadAction\",\"target\":[\"https:\/\/www.crazy-bunny-ranch.de\/\"]}]},{\"@type\":\"ImageObject\",\"inLanguage\":\"pl-PL\",\"@id\":\"https:\/\/www.crazy-bunny-ranch.de\/#primaryimage\",\"url\":\"https:\/\/www.crazy-bunny-ranch.de\/wp-content\/uploads\/2023\/10\/img1.jpg\",\"contentUrl\":\"https:\/\/www.crazy-bunny-ranch.de\/wp-content\/uploads\/2023\/10\/img1.jpg\"},{\"@type\":\"BreadcrumbList\",\"@id\":\"https:\/\/www.crazy-bunny-ranch.de\/#breadcrumb\",\"itemListElement\":[{\"@type\":\"ListItem\",\"position\":1,\"name\":\"Home\",\"item\":\"https:\/\/www.crazy-bunny-ranch.de\/\"},{\"@type\":\"ListItem\",\"position\":2,\"name\":\"Home\"}]},{\"@type\":\"WebSite\",\"@id\":\"https:\/\/www.crazy-bunny-ranch.de\/#website\",\"url\":\"https:\/\/www.crazy-bunny-ranch.de\/\",\"name\":\"crazy bunny\u00a0ranch\",\"description\":\"\",\"publisher\":{\"@id\":\"https:\/\/www.crazy-bunny-ranch.de\/#organization\"},\"potentialAction\":[{\"@type\":\"SearchAction\",\"target\":{\"@type\":\"EntryPoint\",\"urlTemplate\":\"https:\/\/www.crazy-bunny-ranch.de\/?s={search_term_string}\"},\"query-input\":{\"@type\":\"PropertyValueSpecification\",\"valueRequired\":true,\"valueName\":\"search_term_string\"}}],\"inLanguage\":\"pl-PL\"},{\"@type\":\"Organization\",\"@id\":\"https:\/\/www.crazy-bunny-ranch.de\/#organization\",\"name\":\"crazy bunny\u00a0ranch\",\"url\":\"https:\/\/www.crazy-bunny-ranch.de\/\",\"logo\":{\"@type\":\"ImageObject\",\"inLanguage\":\"pl-PL\",\"@id\":\"https:\/\/www.crazy-bunny-ranch.de\/#\/schema\/logo\/image\/\",\"url\":\"https:\/\/www.crazy-bunny-ranch.de\/wp-content\/uploads\/2023\/10\/logo.png\",\"contentUrl\":\"https:\/\/www.crazy-bunny-ranch.de\/wp-content\/uploads\/2023\/10\/logo.png\",\"width\":500,\"height\":377,\"caption\":\"crazy bunny\u00a0ranch\"},\"image\":{\"@id\":\"https:\/\/www.crazy-bunny-ranch.de\/#\/schema\/logo\/image\/\"}}]}<\/script>\n<!-- \/ Yoast SEO plugin. -->","yoast_head_json":{"title":"Home - crazy bunny\u00a0ranch","robots":{"index":"index","follow":"follow","max-snippet":"max-snippet:-1","max-image-preview":"max-image-preview:large","max-video-preview":"max-video-preview:-1"},"canonical":"https:\/\/www.crazy-bunny-ranch.de\/","og_locale":"pl_PL","og_type":"article","og_title":"Home - crazy bunny\u00a0ranch","og_description":"Crazy Bunny Ranch WITAJ NA RANCZE CRAZY BUNNY! Otwarte 365 dni w roku! Od niedzieli do czwartku 11:00 &#8211; 4:00 Pi\u0105tek i sobota 11:00 &#8211; 5:00 Dobra kondycja zdatno\u015b\u0107 \u015aliczne kr\u00f3liczki i nie tylko! Chcesz kr\u00f3liczki? Oczywi\u015bcie, \u017ce tego chcesz! Bo ka\u017cdy pragnie s\u0142odkich, milutkich kr\u00f3liczk\u00f3w &#8211; zw\u0142aszcza gdy przeskakuj\u0105 Ci drog\u0119 tak lekko, jak [&hellip;]","og_url":"https:\/\/www.crazy-bunny-ranch.de\/","og_site_name":"crazy bunny\u00a0ranch","article_modified_time":"2023-10-18T17:29:52+00:00","og_image":[{"url":"https:\/\/www.crazy-bunny-ranch.de\/wp-content\/uploads\/2023\/10\/img1.jpg","type":"","width":"","height":""}],"twitter_card":"summary_large_image","twitter_misc":{"Szacowany czas czytania":"4 minuty"},"schema":{"@context":"https:\/\/schema.org","@graph":[{"@type":"WebPage","@id":"https:\/\/www.crazy-bunny-ranch.de\/","url":"https:\/\/www.crazy-bunny-ranch.de\/","name":"Home - crazy bunny\u00a0ranch","isPartOf":{"@id":"https:\/\/www.crazy-bunny-ranch.de\/#website"},"primaryImageOfPage":{"@id":"https:\/\/www.crazy-bunny-ranch.de\/#primaryimage"},"image":{"@id":"https:\/\/www.crazy-bunny-ranch.de\/#primaryimage"},"thumbnailUrl":"https:\/\/www.crazy-bunny-ranch.de\/wp-content\/uploads\/2023\/10\/img1.jpg","datePublished":"2023-10-02T13:15:45+00:00","dateModified":"2023-10-18T17:29:52+00:00","breadcrumb":{"@id":"https:\/\/www.crazy-bunny-ranch.de\/#breadcrumb"},"inLanguage":"pl-PL","potentialAction":[{"@type":"ReadAction","target":["https:\/\/www.crazy-bunny-ranch.de\/"]}]},{"@type":"ImageObject","inLanguage":"pl-PL","@id":"https:\/\/www.crazy-bunny-ranch.de\/#primaryimage","url":"https:\/\/www.crazy-bunny-ranch.de\/wp-content\/uploads\/2023\/10\/img1.jpg","contentUrl":"https:\/\/www.crazy-bunny-ranch.de\/wp-content\/uploads\/2023\/10\/img1.jpg"},{"@type":"BreadcrumbList","@id":"https:\/\/www.crazy-bunny-ranch.de\/#breadcrumb","itemListElement":[{"@type":"ListItem","position":1,"name":"Home","item":"https:\/\/www.crazy-bunny-ranch.de\/"},{"@type":"ListItem","position":2,"name":"Home"}]},{"@type":"WebSite","@id":"https:\/\/www.crazy-bunny-ranch.de\/#website","url":"https:\/\/www.crazy-bunny-ranch.de\/","name":"crazy bunny\u00a0ranch","description":"","publisher":{"@id":"https:\/\/www.crazy-bunny-ranch.de\/#organization"},"potentialAction":[{"@type":"SearchAction","target":{"@type":"EntryPoint","urlTemplate":"https:\/\/www.crazy-bunny-ranch.de\/?s={search_term_string}"},"query-input":{"@type":"PropertyValueSpecification","valueRequired":true,"valueName":"search_term_string"}}],"inLanguage":"pl-PL"},{"@type":"Organization","@id":"https:\/\/www.crazy-bunny-ranch.de\/#organization","name":"crazy bunny\u00a0ranch","url":"https:\/\/www.crazy-bunny-ranch.de\/","logo":{"@type":"ImageObject","inLanguage":"pl-PL","@id":"https:\/\/www.crazy-bunny-ranch.de\/#\/schema\/logo\/image\/","url":"https:\/\/www.crazy-bunny-ranch.de\/wp-content\/uploads\/2023\/10\/logo.png","contentUrl":"https:\/\/www.crazy-bunny-ranch.de\/wp-content\/uploads\/2023\/10\/logo.png","width":500,"height":377,"caption":"crazy bunny\u00a0ranch"},"image":{"@id":"https:\/\/www.crazy-bunny-ranch.de\/#\/schema\/logo\/image\/"}}]}},"_links":{"self":[{"href":"https:\/\/www.crazy-bunny-ranch.de\/pl\/wp-json\/wp\/v2\/pages\/693","targetHints":{"allow":["GET"]}}],"collection":[{"href":"https:\/\/www.crazy-bunny-ranch.de\/pl\/wp-json\/wp\/v2\/pages"}],"about":[{"href":"https:\/\/www.crazy-bunny-ranch.de\/pl\/wp-json\/wp\/v2\/types\/page"}],"author":[{"embeddable":true,"href":"https:\/\/www.crazy-bunny-ranch.de\/pl\/wp-json\/wp\/v2\/users\/4"}],"replies":[{"embeddable":true,"href":"https:\/\/www.crazy-bunny-ranch.de\/pl\/wp-json\/wp\/v2\/comments?post=693"}],"version-history":[{"count":13,"href":"https:\/\/www.crazy-bunny-ranch.de\/pl\/wp-json\/wp\/v2\/pages\/693\/revisions"}],"predecessor-version":[{"id":1555,"href":"https:\/\/www.crazy-bunny-ranch.de\/pl\/wp-json\/wp\/v2\/pages\/693\/revisions\/1555"}],"wp:attachment":[{"href":"https:\/\/www.crazy-bunny-ranch.de\/pl\/wp-json\/wp\/v2\/media?parent=693"}],"curies":[{"name":"wp","href":"https:\/\/api.w.org\/{rel}","templated":true}]}}