{"id":691,"date":"2023-10-02T13:15:45","date_gmt":"2023-10-02T13:15:45","guid":{"rendered":"https:\/\/www.crazy-bunny-ranch.de\/home\/"},"modified":"2023-10-18T16:54:46","modified_gmt":"2023-10-18T16:54:46","slug":"home","status":"publish","type":"page","link":"https:\/\/www.crazy-bunny-ranch.de\/it\/","title":{"rendered":"Home"},"content":{"rendered":"\t\t<div data-elementor-type=\"wp-page\" data-elementor-id=\"691\" class=\"elementor elementor-691 elementor-18\" data-elementor-post-type=\"page\">\n\t\t\t\t<div class=\"elementor-element elementor-element-97c3d0c e-flex e-con-boxed e-con e-parent\" data-id=\"97c3d0c\" data-element_type=\"container\">\n\t\t\t\t\t<div class=\"e-con-inner\">\n\t\t\t\t<div class=\"elementor-element elementor-element-18712ea elementor-widget elementor-widget-hello_world_widget_2\" data-id=\"18712ea\" data-element_type=\"widget\" data-widget_type=\"hello_world_widget_2.default\">\n\t\t\t\t<div class=\"elementor-widget-container\">\n\t\t\t\t\t\n        \n\n        <article id=\"post-2\" class=\"row widget-video post-2 page type-page status-publish hentry\"\n            data-art-id=\"90\">\n            <div class=\"column medium-4 parallax\" data-parallax-speed=\"0.7\">\n                <div class=\"headerlogo\">\n<h1 class=\"hcrazy\">Crazy<\/h1>\n<h1 class=\"hbunny\">Bunny<\/h1>\n<h1 class=\"hranch\">Ranch<\/h1>\n<\/div>\n<h5><strong>\nBENVENUTO AL CRAZY BUNNY RANCH! <\/strong><\/h5>\n<h4 class=\"headline-secondary\"><span style=\"color: #e8bc7b;\">Aperto 365 giorni all'anno!<\/span><\/h4>\nDa domenica a gioved\u00ec 11:00 - 4:00\n\nVenerd\u00ec e sabato 11:00 - 5:00                \n            <\/div>\n            <div class=\"relative\">\n                <div class=\"column slogan parallax foreground\" data-parallax-speed=\"0.9\">\n                    <div class=\"rotate-90deg glow font-anders\">Benessere<\/div>\n                <\/div>\n                <div class=\"column medium-7 video-frame parallax\" data-parallax-speed=\"0.6\">\n                    <div class=\"responsive-aspect-ratio ratio-home-video\">\n                        <div class=\"aspect-ratio-content\">\n                           \n                            <iframe id=\"wellness-video-90\" name=\"wellness-video-90\"\n                                class=\"wellness-video-90\" style=\"width: 100%; height: 100%;;\"\n                                allowfullscreen=\"\"\n                                data-src=\"https:\/\/www.crazy-bunny-ranch.de\/videoplay.php?vurl=https:\/\/crazy-bunny-ranch.de\/CBRFHD.mp4&vposter=kk\"\n                                data-ref-id=\"90\"><\/iframe>\n\n                                \n                            <!-- <div class=\"js-toggle-playback show-for-small-only\"\n                                data-toggle-video=\"wellness-video-90\"\n                                style=\"background-image: url('https:\/\/fkk.devswebsite.de\/wp-content\/uploads\/2023\/10\/1.png');\">\n                            <\/div> -->\n                        <\/div>\n                    <\/div>\n                <\/div>\n            <\/div>\n        <\/article><!-- #post-2 -->\n\n        <article class=\"row widget-video\">\n            <div class=\"column slogan parallax foreground\" data-parallax-speed=\"0.9\">\n                <div class=\"rotate-90deg glow font-anders\">Fitness<\/div>\n            <\/div>\n            <div class=\"column medium-7 medium-offset-1 video-frame parallax\" data-parallax-speed=\"0.7\">\n                <div class=\"responsive-aspect-ratio ratio-home-video\">\n                    <div class=\"aspect-ratio-content\">\n                        <img decoding=\"async\" src=\"https:\/\/www.crazy-bunny-ranch.de\/wp-content\/uploads\/2023\/10\/DSC07310.jpeg\" alt=\"\"> \n                        <!-- <iframe id=\"home-video-92\" name=\"home-video-92\" class=\"home-video-92\"\n                            style=\"width: 100%; height: 100%;;\" allowfullscreen=\"\"\n                            data-src=\"https:\/\/www.crazy-bunny-ranch.de\/videoplay.php?vurl=https:\/\/www.crazy-bunny-ranch.de\/wp-content\/uploads\/2023\/10\/cbrvideo.mp4&vposter=gg\"\n                            data-ref-id=\"92\"><\/iframe>\n                         <div class=\"js-toggle-playback show-for-small-only\"\n                            data-toggle-video=\"home-video-92\"\n                            style=\"background-image: url('https:\/\/fkk.devswebsite.de\/wp-content\/uploads\/2023\/10\/2.png');\"><\/div> -->\n                    <\/div>\n                <\/div>\n            <\/div>\n            <div class=\"column medium-3 text-content\">\n                <div class=\"parallax hyphenate\" data-parallax-speed=\"0.8\">\n                <h2 class=\"headline-secondary font-gradient title text-right\">Coniglietti carini e altro ancora!<\/h2>\nVuoi dei coniglietti? Certo che lo vuoi! Perch\u00e9 tutti vogliono coniglietti dolci e coccolosi, soprattutto quando saltano sul tuo cammino con la massima leggerezza come fanno al Crazy Bunny Ranch, il resort esclusivo per coniglietti che amano divertirsi! Che amano l'avventura e l'erotismo, il benessere rilassante, l'intrattenimento emozionante, le prelibatezze culinarie, i drink deliziosi e le feste indimenticabili tanto quanto te! Al Crazy Bunny Ranch vi riunite per brindare ad un'esperienza di alto livello per nudisti e sauna club liberi da ogni preoccupazione!\n<h2 class=\"headline-secondary font-gradient title text-right\">Il Crazy Bunny Ranch<\/h2>\nIl Crazy Bunny Ranch \u00e8 grande e ti offre un El Dorado perfetto per le tue fantasie e desideri. Con noi puoi rilassarti in ogni modo e divertirti mentre fai festa. Naturalmente anche i \u201cconiglietti\u201d saranno felici di agire in modo erotico per te. Proprio come i nostri massaggiatori professionisti, vi offrono i loro vantaggiosi servizi come fornitori di servizi indipendenti.                <\/div>\n            <\/div>\n        <\/article>\n        <article class=\"row widget-video\">\n            <div class=\"column slogan parallax foreground\" data-parallax-speed=\"0.8\">\n                <div class=\"rotate-90deg glow font-anders\">erotismo<\/div>\n            <\/div>\n            <div class=\"column medium-7 medium-offset-1 video-frame parallax\" data-parallax-speed=\"0.6\">\n                <div class=\"responsive-aspect-ratio ratio-home-video\">\n                    <div class=\"aspect-ratio-content\">\n\n                        <img decoding=\"async\" src=\"https:\/\/www.crazy-bunny-ranch.de\/wp-content\/uploads\/2023\/10\/DSC07343.jpeg\" alt=\"\">\n                        <!-- <iframe id=\"home-video-95\" name=\"home-video-95\" class=\"home-video-95\"\n                            style=\"width: 100%; height: 100%;;\" allowfullscreen=\"\"\n                            data-src=\"https:\/\/fkk.devswebsite.de\/videoplay.php?vurl=https:\/\/fkk-village.com\/wp-content\/uploads\/2021\/10\/videoplayback_s.mp4&vposter=https:\/\/fkk.devswebsite.de\/wp-content\/uploads\/2023\/10\/3.png\"\n                            data-ref-id=\"95\"><\/iframe>\n                        <div class=\"js-toggle-playback show-for-small-only\"\n                            data-toggle-video=\"home-video-95\"\n                            style=\"background-image: url('https:\/\/fkk.devswebsite.de\/wp-content\/uploads\/2023\/10\/3.png');\"><\/div> -->\n                    <\/div>\n                <\/div>\n            <\/div>\n            <div class=\"column medium-4 text-content\">\n                <div class=\"parallax hyphenate\" data-parallax-speed=\"0.7\">\n                <h2 class=\"headline-secondary font-gradient title \">12500 m\u00b2 per la tua breve vacanza!<\/h2>\nAll'interno del ranch ti si svelano 2.500 m\u00b2 di pura esclusivit\u00e0: camere eleganti, interni eleganti e tanto spazio per rilassarti, inoltre la nostra area esterna di 10.000 m\u00b2 ti offre il miglior stile caraibico con palme, una piscina e un bar che va fino a(! ) L'acqua \u00e8 sufficiente. Potete ordinare le vostre bevande nell'acqua e berle l\u00ec - anche in caso di pioggia e anche in inverno, perch\u00e9 la nostra grande piscina all'aperto \u00e8 coperta e riscaldata tutto l'anno.\n<h2 class=\"headline-secondary font-gradient title \">Divertiti!<\/h2>\nQuando il Crazy Bunny Ranch festeggia, tu dovresti essere l\u00ec! Ti offriamo regolarmente eventi nuovi e mozzafiato con ballerini, artisti e star dell'erotismo. Vivi l'emozione come al circo con sputafuoco, giocolieri, maghi e acrobati e lasciati emozionare dagli spettacoli erotici dal vivo!                <\/div>\n            <\/div>\n        <\/article>\n        <article class=\"row widget-video\">\n            <div class=\"column slogan parallax foreground\" data-parallax-speed=\"0.9\">\n                <div class=\"rotate-90deg glow font-anders\">Buffet<\/div>\n            <\/div>\n            <div class=\"column medium-7 video-frame parallax\" data-parallax-speed=\"0.7\">\n                <div class=\"responsive-aspect-ratio ratio-home-video\">\n                    <div class=\"aspect-ratio-content\">\n                        <img decoding=\"async\" src=\"https:\/\/www.crazy-bunny-ranch.de\/wp-content\/uploads\/2023\/10\/DSC07301.jpeg\" alt=\"\">\n                        <!-- <iframe id=\"home-video-97\" name=\"home-video-97\" class=\"home-video-97\"\n                            style=\"width: 100%; height: 100%;;\" allowfullscreen=\"\"\n                            data-src=\"https:\/\/fkk.devswebsite.de\/videoplay.php?vurl=https:\/\/fkk-village.com\/wp-content\/uploads\/2021\/10\/videoplayback_s.mp4&vposter=https:\/\/fkk.devswebsite.de\/wp-content\/uploads\/2023\/10\/4.png\"\n                            data-ref-id=\"97\"><\/iframe>\n                        <div class=\"js-toggle-playback show-for-small-only\"\n                            data-toggle-video=\"home-video-97\"\n                            style=\"background-image: url('https:\/\/fkk.devswebsite.de\/wp-content\/uploads\/2023\/10\/4.png');\"><\/div> -->\n                    <\/div>\n                <\/div>\n            <\/div>\n            <div class=\"column medium-4 text-content\">\n                <div class=\"parallax hyphenate\" data-parallax-speed=\"0.8\">\n                <h2 class=\"headline-secondary font-gradient title exclcss\">E X K L U S I V E\nCARATTERISTICHE<\/h2>\nIl Crazy Bunny Ranch offre molte funzionalit\u00e0 esclusive che non vogliamo negarti. Per una migliore panoramica, ecco i fatti pi\u00f9 importanti.\n<ul class=\"icon-list ulclss\">\n  <li>Atmosfera caraibica con palme all'esterno<\/li>\n  <li>Bar della piscina che si estende nell'acqua<\/li>\n  <li>piscina coperta riscaldata tutto l'anno<\/li>\n  <li>Sauna all'aperto (disponibile a breve)<\/li>\n  <li>Lounge esclusiva con bar ben fornito<\/li>\n  <li>eventi regolari con artisti internazionali<\/li>\n  <li>cambiando ospiti femminili internazionali<\/li>\n  <li>Grande vasca idromassaggio e sauna nell'area spa<\/li>\n  <li>Atmosfera caraibica con palme all'esterno<\/li>\n  <li>Bar della piscina che si estende nell'acqua<\/li>\n  <li>piscina coperta riscaldata tutto l'anno<\/li>\n  <li>Sauna all'aperto (disponibile a breve)<\/li>\n  <li>Lounge esclusiva con bar ben fornito<\/li>\n  <li>eventi regolari con artisti internazionali<\/li>\n  <li>cambiando ospiti femminili internazionali<\/li>\n<\/ul>                <\/div>\n            <\/div>\n        <\/article>\n        <article class=\"row widget-video\">\n            <div class=\"column slogan parallax foreground\" data-parallax-speed=\"0.8\">\n                <div class=\"rotate-90deg glow font-anders\">Speciali<\/div>\n            <\/div>\n            <div class=\"column medium-7 video-frame parallax\" data-parallax-speed=\"0.7\">\n                <div class=\"responsive-aspect-ratio ratio-home-video\">\n                    <div class=\"aspect-ratio-content\">\n                        <img decoding=\"async\" src=\"https:\/\/www.crazy-bunny-ranch.de\/wp-content\/uploads\/2023\/10\/DSC07319.jpeg\" alt=\"\">\n                        <!-- <iframe id=\"home-video-102\" name=\"home-video-102\" class=\"home-video-102\"\n                            style=\"width: 100%; height: 100%;;\" allowfullscreen=\"\"\n                            data-src=\"https:\/\/fkk.devswebsite.de\/videoplay.php?vurl=https:\/\/fkk-village.com\/wp-content\/uploads\/2021\/10\/videoplayback_s.mp4&vposter=https:\/\/fkk.devswebsite.de\/wp-content\/uploads\/2023\/10\/5.png\"\n                            data-ref-id=\"102\"><\/iframe>\n                        <div class=\"js-toggle-playback show-for-small-only\"\n                            data-toggle-video=\"home-video-102\"\n                            style=\"background-image: url('https:\/\/fkk.devswebsite.de\/wp-content\/uploads\/2023\/10\/5.png');\"><\/div> -->\n                    <\/div>\n                <\/div>\n            <\/div>\n            <div class=\"column medium-3 float-left text-content\">\n                <div class=\"parallax hyphenate\" data-parallax-speed=\"0.6\">\n                                <\/div>\n            <\/div>\n        <\/article>\n        \n        <article class=\"row widget-video lastvcss\">\n            <div class=\"column slogan parallax foreground\" data-parallax-speed=\"0.7\">\n                <div class=\"rotate-90deg glow font-anders\">All'aperto<\/div>\n            <\/div>\n            <div class=\"lastvid_css_iframe column medium-7 medium-offset-1 video-frame parallax\" data-parallax-speed=\"0.8\">\n                <div class=\"responsive-aspect-ratio ratio-home-video\">\n                    <div class=\"aspect-ratio-content\">\n                        <iframe id=\"home-video-99\" name=\"home-video-99\" class=\"home-video-99\"\n                            style=\"width: 100%; height: 100%;;\" allowfullscreen=\"\"\n                            data-src=\"https:\/\/www.crazy-bunny-ranch.de\/videoplay.php?vurl=https:\/\/fkk-village.com\/wp-content\/uploads\/2021\/10\/videoplayback_s.mp4&vposter=https:\/\/fkk.devswebsite.de\/wp-content\/uploads\/2023\/10\/6.png\"\n                            data-ref-id=\"99\"><\/iframe>\n                        <div class=\"js-toggle-playback show-for-small-only\"\n                            data-toggle-video=\"home-video-99\"\n                            style=\"background-image: url('https:\/\/fkk.devswebsite.de\/wp-content\/uploads\/2023\/10\/6.png');\"><\/div>\n                    <\/div>\n                <\/div>\n            <\/div>\n            <div class=\"column medium-4 text-content\">\n                <div class=\"parallax hyphenate\" data-parallax-speed=\"0.6\">\n                <h2 class=\"headline-secondary font-gradient title \">Il tuo biglietto per la felicit\u00e0<\/h2>\nPer una giornata al Crazy Bunny Ranch puoi scegliere tra due opzioni di ingresso.\nPer 20 euro avrete accesso alle infrastrutture del club, un accappatoio pi\u00f9 due asciugamani e ciabatte. Se preferisci, puoi anche portare il tuo costume da bagno. Le bevande, il buffet e le ordinazioni \u00e0 la carte sono a pagamento.\n\nPer 45 euro riceverete oltre all'ingresso al club e agli utensili da bagno anche bevande analcoliche come acqua, cola, Sprite o specialit\u00e0 di caff\u00e8. Sono incluse anche tre birre, la colazione (11:00 - 15:00) e il buffet (dalle 17:00).                <\/div>\n            <\/div>\n        <\/article>\n        \n    \n        \n        \t\t\t\t<\/div>\n\t\t\t\t<\/div>\n\t\t\t\t\t<\/div>\n\t\t\t\t<\/div>\n\t\t\t\t<\/div>\n\t\t","protected":false},"excerpt":{"rendered":"<p>Crazy Bunny Ranch BENVENUTO AL CRAZY BUNNY RANCH! Aperto 365 giorni all&#8217;anno! Da domenica a gioved\u00ec 11:00 &#8211; 4:00 Venerd\u00ec e sabato 11:00 &#8211; 5:00 Benessere Fitness Coniglietti carini e altro ancora! Vuoi dei coniglietti? Certo che lo vuoi! Perch\u00e9 tutti vogliono coniglietti dolci e coccolosi, soprattutto quando saltano sul tuo cammino con la massima [&hellip;]<\/p>\n","protected":false},"author":4,"featured_media":0,"parent":0,"menu_order":0,"comment_status":"closed","ping_status":"closed","template":"","meta":{"footnotes":""},"class_list":["post-691","page","type-page","status-publish","hentry"],"yoast_head":"<!-- This site is optimized with the Yoast SEO plugin v25.6 - https:\/\/yoast.com\/wordpress\/plugins\/seo\/ -->\n<title>Home - crazy bunny\u00a0ranch<\/title>\n<meta name=\"robots\" content=\"index, follow, max-snippet:-1, max-image-preview:large, max-video-preview:-1\" \/>\n<link rel=\"canonical\" href=\"https:\/\/www.crazy-bunny-ranch.de\/\" \/>\n<meta property=\"og:locale\" content=\"it_IT\" \/>\n<meta property=\"og:type\" content=\"article\" \/>\n<meta property=\"og:title\" content=\"Home - crazy bunny\u00a0ranch\" \/>\n<meta property=\"og:description\" content=\"Crazy Bunny Ranch BENVENUTO AL CRAZY BUNNY RANCH! Aperto 365 giorni all&#8217;anno! Da domenica a gioved\u00ec 11:00 &#8211; 4:00 Venerd\u00ec e sabato 11:00 &#8211; 5:00 Benessere Fitness Coniglietti carini e altro ancora! Vuoi dei coniglietti? Certo che lo vuoi! Perch\u00e9 tutti vogliono coniglietti dolci e coccolosi, soprattutto quando saltano sul tuo cammino con la massima [&hellip;]\" \/>\n<meta property=\"og:url\" content=\"https:\/\/www.crazy-bunny-ranch.de\/\" \/>\n<meta property=\"og:site_name\" content=\"crazy bunny\u00a0ranch\" \/>\n<meta property=\"article:modified_time\" content=\"2023-10-18T16:54:46+00:00\" \/>\n<meta property=\"og:image\" content=\"https:\/\/www.crazy-bunny-ranch.de\/wp-content\/uploads\/2023\/10\/img1.jpg\" \/>\n<meta name=\"twitter:card\" content=\"summary_large_image\" \/>\n<meta name=\"twitter:label1\" content=\"Tempo di lettura stimato\" \/>\n\t<meta name=\"twitter:data1\" content=\"4 minuti\" \/>\n<script type=\"application\/ld+json\" class=\"yoast-schema-graph\">{\"@context\":\"https:\/\/schema.org\",\"@graph\":[{\"@type\":\"WebPage\",\"@id\":\"https:\/\/www.crazy-bunny-ranch.de\/\",\"url\":\"https:\/\/www.crazy-bunny-ranch.de\/\",\"name\":\"Home - crazy bunny\u00a0ranch\",\"isPartOf\":{\"@id\":\"https:\/\/www.crazy-bunny-ranch.de\/#website\"},\"primaryImageOfPage\":{\"@id\":\"https:\/\/www.crazy-bunny-ranch.de\/#primaryimage\"},\"image\":{\"@id\":\"https:\/\/www.crazy-bunny-ranch.de\/#primaryimage\"},\"thumbnailUrl\":\"https:\/\/www.crazy-bunny-ranch.de\/wp-content\/uploads\/2023\/10\/img1.jpg\",\"datePublished\":\"2023-10-02T13:15:45+00:00\",\"dateModified\":\"2023-10-18T16:54:46+00:00\",\"breadcrumb\":{\"@id\":\"https:\/\/www.crazy-bunny-ranch.de\/#breadcrumb\"},\"inLanguage\":\"it-IT\",\"potentialAction\":[{\"@type\":\"ReadAction\",\"target\":[\"https:\/\/www.crazy-bunny-ranch.de\/\"]}]},{\"@type\":\"ImageObject\",\"inLanguage\":\"it-IT\",\"@id\":\"https:\/\/www.crazy-bunny-ranch.de\/#primaryimage\",\"url\":\"https:\/\/www.crazy-bunny-ranch.de\/wp-content\/uploads\/2023\/10\/img1.jpg\",\"contentUrl\":\"https:\/\/www.crazy-bunny-ranch.de\/wp-content\/uploads\/2023\/10\/img1.jpg\"},{\"@type\":\"BreadcrumbList\",\"@id\":\"https:\/\/www.crazy-bunny-ranch.de\/#breadcrumb\",\"itemListElement\":[{\"@type\":\"ListItem\",\"position\":1,\"name\":\"Home\",\"item\":\"https:\/\/www.crazy-bunny-ranch.de\/\"},{\"@type\":\"ListItem\",\"position\":2,\"name\":\"Home\"}]},{\"@type\":\"WebSite\",\"@id\":\"https:\/\/www.crazy-bunny-ranch.de\/#website\",\"url\":\"https:\/\/www.crazy-bunny-ranch.de\/\",\"name\":\"crazy bunny\u00a0ranch\",\"description\":\"\",\"publisher\":{\"@id\":\"https:\/\/www.crazy-bunny-ranch.de\/#organization\"},\"potentialAction\":[{\"@type\":\"SearchAction\",\"target\":{\"@type\":\"EntryPoint\",\"urlTemplate\":\"https:\/\/www.crazy-bunny-ranch.de\/?s={search_term_string}\"},\"query-input\":{\"@type\":\"PropertyValueSpecification\",\"valueRequired\":true,\"valueName\":\"search_term_string\"}}],\"inLanguage\":\"it-IT\"},{\"@type\":\"Organization\",\"@id\":\"https:\/\/www.crazy-bunny-ranch.de\/#organization\",\"name\":\"crazy bunny\u00a0ranch\",\"url\":\"https:\/\/www.crazy-bunny-ranch.de\/\",\"logo\":{\"@type\":\"ImageObject\",\"inLanguage\":\"it-IT\",\"@id\":\"https:\/\/www.crazy-bunny-ranch.de\/#\/schema\/logo\/image\/\",\"url\":\"https:\/\/www.crazy-bunny-ranch.de\/wp-content\/uploads\/2023\/10\/logo.png\",\"contentUrl\":\"https:\/\/www.crazy-bunny-ranch.de\/wp-content\/uploads\/2023\/10\/logo.png\",\"width\":500,\"height\":377,\"caption\":\"crazy bunny\u00a0ranch\"},\"image\":{\"@id\":\"https:\/\/www.crazy-bunny-ranch.de\/#\/schema\/logo\/image\/\"}}]}<\/script>\n<!-- \/ Yoast SEO plugin. -->","yoast_head_json":{"title":"Home - crazy bunny\u00a0ranch","robots":{"index":"index","follow":"follow","max-snippet":"max-snippet:-1","max-image-preview":"max-image-preview:large","max-video-preview":"max-video-preview:-1"},"canonical":"https:\/\/www.crazy-bunny-ranch.de\/","og_locale":"it_IT","og_type":"article","og_title":"Home - crazy bunny\u00a0ranch","og_description":"Crazy Bunny Ranch BENVENUTO AL CRAZY BUNNY RANCH! Aperto 365 giorni all&#8217;anno! Da domenica a gioved\u00ec 11:00 &#8211; 4:00 Venerd\u00ec e sabato 11:00 &#8211; 5:00 Benessere Fitness Coniglietti carini e altro ancora! Vuoi dei coniglietti? Certo che lo vuoi! Perch\u00e9 tutti vogliono coniglietti dolci e coccolosi, soprattutto quando saltano sul tuo cammino con la massima [&hellip;]","og_url":"https:\/\/www.crazy-bunny-ranch.de\/","og_site_name":"crazy bunny\u00a0ranch","article_modified_time":"2023-10-18T16:54:46+00:00","og_image":[{"url":"https:\/\/www.crazy-bunny-ranch.de\/wp-content\/uploads\/2023\/10\/img1.jpg","type":"","width":"","height":""}],"twitter_card":"summary_large_image","twitter_misc":{"Tempo di lettura stimato":"4 minuti"},"schema":{"@context":"https:\/\/schema.org","@graph":[{"@type":"WebPage","@id":"https:\/\/www.crazy-bunny-ranch.de\/","url":"https:\/\/www.crazy-bunny-ranch.de\/","name":"Home - crazy bunny\u00a0ranch","isPartOf":{"@id":"https:\/\/www.crazy-bunny-ranch.de\/#website"},"primaryImageOfPage":{"@id":"https:\/\/www.crazy-bunny-ranch.de\/#primaryimage"},"image":{"@id":"https:\/\/www.crazy-bunny-ranch.de\/#primaryimage"},"thumbnailUrl":"https:\/\/www.crazy-bunny-ranch.de\/wp-content\/uploads\/2023\/10\/img1.jpg","datePublished":"2023-10-02T13:15:45+00:00","dateModified":"2023-10-18T16:54:46+00:00","breadcrumb":{"@id":"https:\/\/www.crazy-bunny-ranch.de\/#breadcrumb"},"inLanguage":"it-IT","potentialAction":[{"@type":"ReadAction","target":["https:\/\/www.crazy-bunny-ranch.de\/"]}]},{"@type":"ImageObject","inLanguage":"it-IT","@id":"https:\/\/www.crazy-bunny-ranch.de\/#primaryimage","url":"https:\/\/www.crazy-bunny-ranch.de\/wp-content\/uploads\/2023\/10\/img1.jpg","contentUrl":"https:\/\/www.crazy-bunny-ranch.de\/wp-content\/uploads\/2023\/10\/img1.jpg"},{"@type":"BreadcrumbList","@id":"https:\/\/www.crazy-bunny-ranch.de\/#breadcrumb","itemListElement":[{"@type":"ListItem","position":1,"name":"Home","item":"https:\/\/www.crazy-bunny-ranch.de\/"},{"@type":"ListItem","position":2,"name":"Home"}]},{"@type":"WebSite","@id":"https:\/\/www.crazy-bunny-ranch.de\/#website","url":"https:\/\/www.crazy-bunny-ranch.de\/","name":"crazy bunny\u00a0ranch","description":"","publisher":{"@id":"https:\/\/www.crazy-bunny-ranch.de\/#organization"},"potentialAction":[{"@type":"SearchAction","target":{"@type":"EntryPoint","urlTemplate":"https:\/\/www.crazy-bunny-ranch.de\/?s={search_term_string}"},"query-input":{"@type":"PropertyValueSpecification","valueRequired":true,"valueName":"search_term_string"}}],"inLanguage":"it-IT"},{"@type":"Organization","@id":"https:\/\/www.crazy-bunny-ranch.de\/#organization","name":"crazy bunny\u00a0ranch","url":"https:\/\/www.crazy-bunny-ranch.de\/","logo":{"@type":"ImageObject","inLanguage":"it-IT","@id":"https:\/\/www.crazy-bunny-ranch.de\/#\/schema\/logo\/image\/","url":"https:\/\/www.crazy-bunny-ranch.de\/wp-content\/uploads\/2023\/10\/logo.png","contentUrl":"https:\/\/www.crazy-bunny-ranch.de\/wp-content\/uploads\/2023\/10\/logo.png","width":500,"height":377,"caption":"crazy bunny\u00a0ranch"},"image":{"@id":"https:\/\/www.crazy-bunny-ranch.de\/#\/schema\/logo\/image\/"}}]}},"_links":{"self":[{"href":"https:\/\/www.crazy-bunny-ranch.de\/it\/wp-json\/wp\/v2\/pages\/691","targetHints":{"allow":["GET"]}}],"collection":[{"href":"https:\/\/www.crazy-bunny-ranch.de\/it\/wp-json\/wp\/v2\/pages"}],"about":[{"href":"https:\/\/www.crazy-bunny-ranch.de\/it\/wp-json\/wp\/v2\/types\/page"}],"author":[{"embeddable":true,"href":"https:\/\/www.crazy-bunny-ranch.de\/it\/wp-json\/wp\/v2\/users\/4"}],"replies":[{"embeddable":true,"href":"https:\/\/www.crazy-bunny-ranch.de\/it\/wp-json\/wp\/v2\/comments?post=691"}],"version-history":[{"count":10,"href":"https:\/\/www.crazy-bunny-ranch.de\/it\/wp-json\/wp\/v2\/pages\/691\/revisions"}],"predecessor-version":[{"id":1501,"href":"https:\/\/www.crazy-bunny-ranch.de\/it\/wp-json\/wp\/v2\/pages\/691\/revisions\/1501"}],"wp:attachment":[{"href":"https:\/\/www.crazy-bunny-ranch.de\/it\/wp-json\/wp\/v2\/media?parent=691"}],"curies":[{"name":"wp","href":"https:\/\/api.w.org\/{rel}","templated":true}]}}