{"id":695,"date":"2023-10-02T13:15:45","date_gmt":"2023-10-02T13:15:45","guid":{"rendered":"https:\/\/www.crazy-bunny-ranch.de\/home\/"},"modified":"2023-10-18T17:08:04","modified_gmt":"2023-10-18T17:08:04","slug":"home","status":"publish","type":"page","link":"https:\/\/www.crazy-bunny-ranch.de\/es\/","title":{"rendered":"Home"},"content":{"rendered":"\t\t<div data-elementor-type=\"wp-page\" data-elementor-id=\"695\" class=\"elementor elementor-695 elementor-18\" data-elementor-post-type=\"page\">\n\t\t\t\t<div class=\"elementor-element elementor-element-97c3d0c e-flex e-con-boxed e-con e-parent\" data-id=\"97c3d0c\" data-element_type=\"container\">\n\t\t\t\t\t<div class=\"e-con-inner\">\n\t\t\t\t<div class=\"elementor-element elementor-element-18712ea elementor-widget elementor-widget-hello_world_widget_2\" data-id=\"18712ea\" data-element_type=\"widget\" data-widget_type=\"hello_world_widget_2.default\">\n\t\t\t\t<div class=\"elementor-widget-container\">\n\t\t\t\t\t\n        \n\n        <article id=\"post-2\" class=\"row widget-video post-2 page type-page status-publish hentry\"\n            data-art-id=\"90\">\n            <div class=\"column medium-4 parallax\" data-parallax-speed=\"0.7\">\n                <div class=\"headerlogo\">\n<h1 class=\"hcrazy\">Crazy<\/h1>\n<h1 class=\"hbunny\">Bunny<\/h1>\n<h1 class=\"hranch\">Ranch<\/h1>\n<\/div>\n<h5><strong>\n\u00a1BIENVENIDO AL RANCHO DE CONEJITO LOCO! <\/strong><\/h5>\n<h4 class=\"headline-secondary\"><span style=\"color: #e8bc7b;\">\u00a1Abierto los 365 d\u00edas del a\u00f1o!<\/span><\/h4>\nDomingo a Jueves 11:00 am - 4:00 am\n\nViernes y s\u00e1bado 11:00 a. m. - 5:00 a. m.                \n            <\/div>\n            <div class=\"relative\">\n                <div class=\"column slogan parallax foreground\" data-parallax-speed=\"0.9\">\n                    <div class=\"rotate-90deg glow font-anders\">Bienestar\n<\/div>\n                <\/div>\n                <div class=\"column medium-7 video-frame parallax\" data-parallax-speed=\"0.6\">\n                    <div class=\"responsive-aspect-ratio ratio-home-video\">\n                        <div class=\"aspect-ratio-content\">\n                           \n                            <iframe id=\"wellness-video-90\" name=\"wellness-video-90\"\n                                class=\"wellness-video-90\" style=\"width: 100%; height: 100%;;\"\n                                allowfullscreen=\"\"\n                                data-src=\"https:\/\/www.crazy-bunny-ranch.de\/videoplay.php?vurl=https:\/\/crazy-bunny-ranch.de\/CBRFHD.mp4&vposter=kk\"\n                                data-ref-id=\"90\"><\/iframe>\n\n                                \n                            <!-- <div class=\"js-toggle-playback show-for-small-only\"\n                                data-toggle-video=\"wellness-video-90\"\n                                style=\"background-image: url('https:\/\/fkk.devswebsite.de\/wp-content\/uploads\/2023\/10\/1.png');\">\n                            <\/div> -->\n                        <\/div>\n                    <\/div>\n                <\/div>\n            <\/div>\n        <\/article><!-- #post-2 -->\n\n        <article class=\"row widget-video\">\n            <div class=\"column slogan parallax foreground\" data-parallax-speed=\"0.9\">\n                <div class=\"rotate-90deg glow font-anders\">aptitud f\u00edsica\n<\/div>\n            <\/div>\n            <div class=\"column medium-7 medium-offset-1 video-frame parallax\" data-parallax-speed=\"0.7\">\n                <div class=\"responsive-aspect-ratio ratio-home-video\">\n                    <div class=\"aspect-ratio-content\">\n                        <img decoding=\"async\" src=\"https:\/\/www.crazy-bunny-ranch.de\/wp-content\/uploads\/2023\/10\/DSC07310.jpeg\" alt=\"\"> \n                        <!-- <iframe id=\"home-video-92\" name=\"home-video-92\" class=\"home-video-92\"\n                            style=\"width: 100%; height: 100%;;\" allowfullscreen=\"\"\n                            data-src=\"https:\/\/www.crazy-bunny-ranch.de\/videoplay.php?vurl=https:\/\/www.crazy-bunny-ranch.de\/wp-content\/uploads\/2023\/10\/cbrvideo.mp4&vposter=gg\"\n                            data-ref-id=\"92\"><\/iframe>\n                         <div class=\"js-toggle-playback show-for-small-only\"\n                            data-toggle-video=\"home-video-92\"\n                            style=\"background-image: url('https:\/\/fkk.devswebsite.de\/wp-content\/uploads\/2023\/10\/2.png');\"><\/div> -->\n                    <\/div>\n                <\/div>\n            <\/div>\n            <div class=\"column medium-3 text-content\">\n                <div class=\"parallax hyphenate\" data-parallax-speed=\"0.8\">\n                <h2 class=\"headline-secondary font-gradient title text-right\">\u00a1Lindos conejitos y m\u00e1s!<\/h2>\n\u00bfQuieres conejitos? \u00a1Por supuesto que quieres eso! Porque todo el mundo quiere conejitos dulces y tiernos, especialmente cuando se cruzan en tu camino con tanta ligereza como lo hacen en Crazy Bunny Ranch, \u00a1el complejo exclusivo para conejitos a los que les gusta pasar un buen rato! \u00a1A quienes les encanta la aventura y el erotismo, el bienestar relajante, el entretenimiento apasionante, las delicias culinarias, las bebidas deliciosas y las fiestas inolvidables tanto como t\u00fa! \u00a1En Crazy Bunny Ranch os reun\u00eds para brindar por una experiencia de club nudista y sauna de primer nivel sin preocupaciones!\n<h2 class=\"headline-secundary font-gradient title text-right\">El rancho Crazy Bunny<\/h2>\nEl Crazy Bunny Ranch es grande y te ofrece un El Dorado perfecto para tus fantas\u00edas y deseos. Con nosotros podr\u00e1s relajarte en todos los sentidos y pasarlo genial mientras est\u00e1s de fiesta. Por supuesto, los \"conejitos\" tambi\u00e9n estar\u00e1n felices de actuar er\u00f3ticamente para ti. Al igual que nuestros masajistas profesionales, ellos le ofrecen sus beneficiosos servicios como proveedores de servicios independientes.                <\/div>\n            <\/div>\n        <\/article>\n        <article class=\"row widget-video\">\n            <div class=\"column slogan parallax foreground\" data-parallax-speed=\"0.8\">\n                <div class=\"rotate-90deg glow font-anders\">erotismo\n<\/div>\n            <\/div>\n            <div class=\"column medium-7 medium-offset-1 video-frame parallax\" data-parallax-speed=\"0.6\">\n                <div class=\"responsive-aspect-ratio ratio-home-video\">\n                    <div class=\"aspect-ratio-content\">\n\n                        <img decoding=\"async\" src=\"https:\/\/www.crazy-bunny-ranch.de\/wp-content\/uploads\/2023\/10\/DSC07343.jpeg\" alt=\"\">\n                        <!-- <iframe id=\"home-video-95\" name=\"home-video-95\" class=\"home-video-95\"\n                            style=\"width: 100%; height: 100%;;\" allowfullscreen=\"\"\n                            data-src=\"https:\/\/fkk.devswebsite.de\/videoplay.php?vurl=https:\/\/fkk-village.com\/wp-content\/uploads\/2021\/10\/videoplayback_s.mp4&vposter=https:\/\/fkk.devswebsite.de\/wp-content\/uploads\/2023\/10\/3.png\"\n                            data-ref-id=\"95\"><\/iframe>\n                        <div class=\"js-toggle-playback show-for-small-only\"\n                            data-toggle-video=\"home-video-95\"\n                            style=\"background-image: url('https:\/\/fkk.devswebsite.de\/wp-content\/uploads\/2023\/10\/3.png');\"><\/div> -->\n                    <\/div>\n                <\/div>\n            <\/div>\n            <div class=\"column medium-4 text-content\">\n                <div class=\"parallax hyphenate\" data-parallax-speed=\"0.7\">\n                <h2 class=\"headline-secundary font-gradient title \">\u00a112500 m\u00b2 para tus cortas vacaciones!<\/h2>\nDentro del rancho, se le revelan 2.500 m\u00b2 de pura exclusividad: habitaciones elegantes, interiores elegantes y mucho espacio para relajarse, adem\u00e1s nuestra \u00e1rea exterior de 10.000 m\u00b2 le ofrece el mejor estilo caribe\u00f1o con palmeras, una piscina y un bar que va hasta(! ) El agua es suficiente. Puede pedir sus bebidas en el agua y beberlas all\u00ed, incluso cuando llueve o incluso en invierno, porque nuestra gran piscina al aire libre est\u00e1 cubierta y climatizada durante todo el a\u00f1o.\n<h2 class=\"headline-secundary font-gradient title \">\u00a1Divi\u00e9rtete!<\/h2>\nCuando Crazy Bunny Ranch celebre, \u00a1t\u00fa deber\u00edas estar all\u00ed! Regularmente le ofrecemos eventos nuevos e impresionantes con bailarines, artistas y estrellas er\u00f3ticas. Experimenta la emoci\u00f3n como en el circo con lanzafuegos, malabaristas, magos y acr\u00f3batas y deja que los espect\u00e1culos er\u00f3ticos en vivo te exciten.                <\/div>\n            <\/div>\n        <\/article>\n        <article class=\"row widget-video\">\n            <div class=\"column slogan parallax foreground\" data-parallax-speed=\"0.9\">\n                <div class=\"rotate-90deg glow font-anders\">Buf\u00e9\n<\/div>\n            <\/div>\n            <div class=\"column medium-7 video-frame parallax\" data-parallax-speed=\"0.7\">\n                <div class=\"responsive-aspect-ratio ratio-home-video\">\n                    <div class=\"aspect-ratio-content\">\n                        <img decoding=\"async\" src=\"https:\/\/www.crazy-bunny-ranch.de\/wp-content\/uploads\/2023\/10\/DSC07301.jpeg\" alt=\"\">\n                        <!-- <iframe id=\"home-video-97\" name=\"home-video-97\" class=\"home-video-97\"\n                            style=\"width: 100%; height: 100%;;\" allowfullscreen=\"\"\n                            data-src=\"https:\/\/fkk.devswebsite.de\/videoplay.php?vurl=https:\/\/fkk-village.com\/wp-content\/uploads\/2021\/10\/videoplayback_s.mp4&vposter=https:\/\/fkk.devswebsite.de\/wp-content\/uploads\/2023\/10\/4.png\"\n                            data-ref-id=\"97\"><\/iframe>\n                        <div class=\"js-toggle-playback show-for-small-only\"\n                            data-toggle-video=\"home-video-97\"\n                            style=\"background-image: url('https:\/\/fkk.devswebsite.de\/wp-content\/uploads\/2023\/10\/4.png');\"><\/div> -->\n                    <\/div>\n                <\/div>\n            <\/div>\n            <div class=\"column medium-4 text-content\">\n                <div class=\"parallax hyphenate\" data-parallax-speed=\"0.8\">\n                <h2 class=\"t\u00edtulo-fuente secundaria-t\u00edtulo degradado exclcss\">E X K L U S I V E\nCARACTER\u00cdSTICAS<\/h2>\nCrazy Bunny Ranch ofrece muchas caracter\u00edsticas exclusivas que no queremos ocultarle. Para una mejor descripci\u00f3n general, aqu\u00ed est\u00e1n los hechos m\u00e1s importantes.\n<ul class=\"lista de iconos ulclss\">\n  <li>Estilo caribe\u00f1o con palmeras en el exterior<\/li>\n  <li>Barra de piscina que se extiende hasta el agua<\/li>\n  <li>piscina cubierta climatizada todo el a\u00f1o<\/li>\n  <li>Sauna al aire libre (a continuaci\u00f3n)<\/li>\n  <li>sal\u00f3n exclusivo con un bar bien surtido<\/li>\n  <li>eventos regulares con artistas internacionales<\/li>\n  <li>cambio de invitadas internacionales<\/li>\n  <li>Gran jacuzzi y sauna en la zona de spa<\/li>\n  <li>Estilo caribe\u00f1o con palmeras en el exterior<\/li>\n  <li>Barra de piscina que se extiende hasta el agua<\/li>\n  <li>piscina cubierta climatizada todo el a\u00f1o<\/li>\n  <li>Sauna al aire libre (a continuaci\u00f3n)<\/li>\n  <li>sal\u00f3n exclusivo con un bar bien surtido<\/li>\n  <li>eventos regulares con artistas internacionales<\/li>\n  <li>cambio de invitadas internacionales<\/li>\n<\/ul>                <\/div>\n            <\/div>\n        <\/article>\n        <article class=\"row widget-video\">\n            <div class=\"column slogan parallax foreground\" data-parallax-speed=\"0.8\">\n                <div class=\"rotate-90deg glow font-anders\">Ofertas especiales\n<\/div>\n            <\/div>\n            <div class=\"column medium-7 video-frame parallax\" data-parallax-speed=\"0.7\">\n                <div class=\"responsive-aspect-ratio ratio-home-video\">\n                    <div class=\"aspect-ratio-content\">\n                        <img decoding=\"async\" src=\"https:\/\/www.crazy-bunny-ranch.de\/wp-content\/uploads\/2023\/10\/DSC07319.jpeg\" alt=\"\">\n                        <!-- <iframe id=\"home-video-102\" name=\"home-video-102\" class=\"home-video-102\"\n                            style=\"width: 100%; height: 100%;;\" allowfullscreen=\"\"\n                            data-src=\"https:\/\/fkk.devswebsite.de\/videoplay.php?vurl=https:\/\/fkk-village.com\/wp-content\/uploads\/2021\/10\/videoplayback_s.mp4&vposter=https:\/\/fkk.devswebsite.de\/wp-content\/uploads\/2023\/10\/5.png\"\n                            data-ref-id=\"102\"><\/iframe>\n                        <div class=\"js-toggle-playback show-for-small-only\"\n                            data-toggle-video=\"home-video-102\"\n                            style=\"background-image: url('https:\/\/fkk.devswebsite.de\/wp-content\/uploads\/2023\/10\/5.png');\"><\/div> -->\n                    <\/div>\n                <\/div>\n            <\/div>\n            <div class=\"column medium-3 float-left text-content\">\n                <div class=\"parallax hyphenate\" data-parallax-speed=\"0.6\">\n                                <\/div>\n            <\/div>\n        <\/article>\n        \n        <article class=\"row widget-video lastvcss\">\n            <div class=\"column slogan parallax foreground\" data-parallax-speed=\"0.7\">\n                <div class=\"rotate-90deg glow font-anders\">Al aire libre<\/div>\n            <\/div>\n            <div class=\"lastvid_css_iframe column medium-7 medium-offset-1 video-frame parallax\" data-parallax-speed=\"0.8\">\n                <div class=\"responsive-aspect-ratio ratio-home-video\">\n                    <div class=\"aspect-ratio-content\">\n                        <iframe id=\"home-video-99\" name=\"home-video-99\" class=\"home-video-99\"\n                            style=\"width: 100%; height: 100%;;\" allowfullscreen=\"\"\n                            data-src=\"https:\/\/www.crazy-bunny-ranch.de\/videoplay.php?vurl=https:\/\/fkk-village.com\/wp-content\/uploads\/2021\/10\/videoplayback_s.mp4&vposter=https:\/\/fkk.devswebsite.de\/wp-content\/uploads\/2023\/10\/6.png\"\n                            data-ref-id=\"99\"><\/iframe>\n                        <div class=\"js-toggle-playback show-for-small-only\"\n                            data-toggle-video=\"home-video-99\"\n                            style=\"background-image: url('https:\/\/fkk.devswebsite.de\/wp-content\/uploads\/2023\/10\/6.png');\"><\/div>\n                    <\/div>\n                <\/div>\n            <\/div>\n            <div class=\"column medium-4 text-content\">\n                <div class=\"parallax hyphenate\" data-parallax-speed=\"0.6\">\n                <h2 class=\"headline-secundary font-gradient title \">Tu billete a la felicidad<\/h2>\nPara un d\u00eda en Crazy Bunny Ranch puedes elegir entre dos opciones de entrada.\nPor 20 euros tienes acceso a las infraestructuras del club adem\u00e1s de un albornoz adem\u00e1s de dos toallas y chanclas. Tambi\u00e9n puedes traer tu propio ba\u00f1ador si lo prefieres. Las bebidas, el buffet y los pedidos a la carta tienen un coste adicional.\n\nPor 45 euros, adem\u00e1s de la entrada al club y los utensilios de ba\u00f1o, tambi\u00e9n recibir\u00e1s bebidas no alcoh\u00f3licas como agua, cola, Sprite o especialidades de caf\u00e9. Tambi\u00e9n se incluyen tres cervezas, as\u00ed como el desayuno (de 11:00 a 15:00 horas) y la comida del buffet (a partir de las 17:00 horas).                <\/div>\n            <\/div>\n        <\/article>\n        \n    \n        \n        \t\t\t\t<\/div>\n\t\t\t\t<\/div>\n\t\t\t\t\t<\/div>\n\t\t\t\t<\/div>\n\t\t\t\t<\/div>\n\t\t","protected":false},"excerpt":{"rendered":"<p>Crazy Bunny Ranch \u00a1BIENVENIDO AL RANCHO DE CONEJITO LOCO! \u00a1Abierto los 365 d\u00edas del a\u00f1o! Domingo a Jueves 11:00 am &#8211; 4:00 am Viernes y s\u00e1bado 11:00 a. m. &#8211; 5:00 a. m. Bienestar aptitud f\u00edsica \u00a1Lindos conejitos y m\u00e1s! \u00bfQuieres conejitos? \u00a1Por supuesto que quieres eso! Porque todo el mundo quiere conejitos dulces y [&hellip;]<\/p>\n","protected":false},"author":4,"featured_media":0,"parent":0,"menu_order":0,"comment_status":"closed","ping_status":"closed","template":"","meta":{"footnotes":""},"class_list":["post-695","page","type-page","status-publish","hentry"],"yoast_head":"<!-- This site is optimized with the Yoast SEO plugin v25.6 - https:\/\/yoast.com\/wordpress\/plugins\/seo\/ -->\n<title>Home - crazy bunny\u00a0ranch<\/title>\n<meta name=\"robots\" content=\"index, follow, max-snippet:-1, max-image-preview:large, max-video-preview:-1\" \/>\n<link rel=\"canonical\" href=\"https:\/\/www.crazy-bunny-ranch.de\/\" \/>\n<meta property=\"og:locale\" content=\"es_ES\" \/>\n<meta property=\"og:type\" content=\"article\" \/>\n<meta property=\"og:title\" content=\"Home - crazy bunny\u00a0ranch\" \/>\n<meta property=\"og:description\" content=\"Crazy Bunny Ranch \u00a1BIENVENIDO AL RANCHO DE CONEJITO LOCO! \u00a1Abierto los 365 d\u00edas del a\u00f1o! Domingo a Jueves 11:00 am &#8211; 4:00 am Viernes y s\u00e1bado 11:00 a. m. &#8211; 5:00 a. m. Bienestar aptitud f\u00edsica \u00a1Lindos conejitos y m\u00e1s! \u00bfQuieres conejitos? \u00a1Por supuesto que quieres eso! Porque todo el mundo quiere conejitos dulces y [&hellip;]\" \/>\n<meta property=\"og:url\" content=\"https:\/\/www.crazy-bunny-ranch.de\/\" \/>\n<meta property=\"og:site_name\" content=\"crazy bunny\u00a0ranch\" \/>\n<meta property=\"article:modified_time\" content=\"2023-10-18T17:08:04+00:00\" \/>\n<meta property=\"og:image\" content=\"https:\/\/www.crazy-bunny-ranch.de\/wp-content\/uploads\/2023\/10\/img1.jpg\" \/>\n<meta name=\"twitter:card\" content=\"summary_large_image\" \/>\n<meta name=\"twitter:label1\" content=\"Tiempo de lectura\" \/>\n\t<meta name=\"twitter:data1\" content=\"4 minutos\" \/>\n<script type=\"application\/ld+json\" class=\"yoast-schema-graph\">{\"@context\":\"https:\/\/schema.org\",\"@graph\":[{\"@type\":\"WebPage\",\"@id\":\"https:\/\/www.crazy-bunny-ranch.de\/\",\"url\":\"https:\/\/www.crazy-bunny-ranch.de\/\",\"name\":\"Home - crazy bunny\u00a0ranch\",\"isPartOf\":{\"@id\":\"https:\/\/www.crazy-bunny-ranch.de\/#website\"},\"primaryImageOfPage\":{\"@id\":\"https:\/\/www.crazy-bunny-ranch.de\/#primaryimage\"},\"image\":{\"@id\":\"https:\/\/www.crazy-bunny-ranch.de\/#primaryimage\"},\"thumbnailUrl\":\"https:\/\/www.crazy-bunny-ranch.de\/wp-content\/uploads\/2023\/10\/img1.jpg\",\"datePublished\":\"2023-10-02T13:15:45+00:00\",\"dateModified\":\"2023-10-18T17:08:04+00:00\",\"breadcrumb\":{\"@id\":\"https:\/\/www.crazy-bunny-ranch.de\/#breadcrumb\"},\"inLanguage\":\"es\",\"potentialAction\":[{\"@type\":\"ReadAction\",\"target\":[\"https:\/\/www.crazy-bunny-ranch.de\/\"]}]},{\"@type\":\"ImageObject\",\"inLanguage\":\"es\",\"@id\":\"https:\/\/www.crazy-bunny-ranch.de\/#primaryimage\",\"url\":\"https:\/\/www.crazy-bunny-ranch.de\/wp-content\/uploads\/2023\/10\/img1.jpg\",\"contentUrl\":\"https:\/\/www.crazy-bunny-ranch.de\/wp-content\/uploads\/2023\/10\/img1.jpg\"},{\"@type\":\"BreadcrumbList\",\"@id\":\"https:\/\/www.crazy-bunny-ranch.de\/#breadcrumb\",\"itemListElement\":[{\"@type\":\"ListItem\",\"position\":1,\"name\":\"Home\",\"item\":\"https:\/\/www.crazy-bunny-ranch.de\/\"},{\"@type\":\"ListItem\",\"position\":2,\"name\":\"Home\"}]},{\"@type\":\"WebSite\",\"@id\":\"https:\/\/www.crazy-bunny-ranch.de\/#website\",\"url\":\"https:\/\/www.crazy-bunny-ranch.de\/\",\"name\":\"crazy bunny\u00a0ranch\",\"description\":\"\",\"publisher\":{\"@id\":\"https:\/\/www.crazy-bunny-ranch.de\/#organization\"},\"potentialAction\":[{\"@type\":\"SearchAction\",\"target\":{\"@type\":\"EntryPoint\",\"urlTemplate\":\"https:\/\/www.crazy-bunny-ranch.de\/?s={search_term_string}\"},\"query-input\":{\"@type\":\"PropertyValueSpecification\",\"valueRequired\":true,\"valueName\":\"search_term_string\"}}],\"inLanguage\":\"es\"},{\"@type\":\"Organization\",\"@id\":\"https:\/\/www.crazy-bunny-ranch.de\/#organization\",\"name\":\"crazy bunny\u00a0ranch\",\"url\":\"https:\/\/www.crazy-bunny-ranch.de\/\",\"logo\":{\"@type\":\"ImageObject\",\"inLanguage\":\"es\",\"@id\":\"https:\/\/www.crazy-bunny-ranch.de\/#\/schema\/logo\/image\/\",\"url\":\"https:\/\/www.crazy-bunny-ranch.de\/wp-content\/uploads\/2023\/10\/logo.png\",\"contentUrl\":\"https:\/\/www.crazy-bunny-ranch.de\/wp-content\/uploads\/2023\/10\/logo.png\",\"width\":500,\"height\":377,\"caption\":\"crazy bunny\u00a0ranch\"},\"image\":{\"@id\":\"https:\/\/www.crazy-bunny-ranch.de\/#\/schema\/logo\/image\/\"}}]}<\/script>\n<!-- \/ Yoast SEO plugin. -->","yoast_head_json":{"title":"Home - crazy bunny\u00a0ranch","robots":{"index":"index","follow":"follow","max-snippet":"max-snippet:-1","max-image-preview":"max-image-preview:large","max-video-preview":"max-video-preview:-1"},"canonical":"https:\/\/www.crazy-bunny-ranch.de\/","og_locale":"es_ES","og_type":"article","og_title":"Home - crazy bunny\u00a0ranch","og_description":"Crazy Bunny Ranch \u00a1BIENVENIDO AL RANCHO DE CONEJITO LOCO! \u00a1Abierto los 365 d\u00edas del a\u00f1o! Domingo a Jueves 11:00 am &#8211; 4:00 am Viernes y s\u00e1bado 11:00 a. m. &#8211; 5:00 a. m. Bienestar aptitud f\u00edsica \u00a1Lindos conejitos y m\u00e1s! \u00bfQuieres conejitos? \u00a1Por supuesto que quieres eso! Porque todo el mundo quiere conejitos dulces y [&hellip;]","og_url":"https:\/\/www.crazy-bunny-ranch.de\/","og_site_name":"crazy bunny\u00a0ranch","article_modified_time":"2023-10-18T17:08:04+00:00","og_image":[{"url":"https:\/\/www.crazy-bunny-ranch.de\/wp-content\/uploads\/2023\/10\/img1.jpg","type":"","width":"","height":""}],"twitter_card":"summary_large_image","twitter_misc":{"Tiempo de lectura":"4 minutos"},"schema":{"@context":"https:\/\/schema.org","@graph":[{"@type":"WebPage","@id":"https:\/\/www.crazy-bunny-ranch.de\/","url":"https:\/\/www.crazy-bunny-ranch.de\/","name":"Home - crazy bunny\u00a0ranch","isPartOf":{"@id":"https:\/\/www.crazy-bunny-ranch.de\/#website"},"primaryImageOfPage":{"@id":"https:\/\/www.crazy-bunny-ranch.de\/#primaryimage"},"image":{"@id":"https:\/\/www.crazy-bunny-ranch.de\/#primaryimage"},"thumbnailUrl":"https:\/\/www.crazy-bunny-ranch.de\/wp-content\/uploads\/2023\/10\/img1.jpg","datePublished":"2023-10-02T13:15:45+00:00","dateModified":"2023-10-18T17:08:04+00:00","breadcrumb":{"@id":"https:\/\/www.crazy-bunny-ranch.de\/#breadcrumb"},"inLanguage":"es","potentialAction":[{"@type":"ReadAction","target":["https:\/\/www.crazy-bunny-ranch.de\/"]}]},{"@type":"ImageObject","inLanguage":"es","@id":"https:\/\/www.crazy-bunny-ranch.de\/#primaryimage","url":"https:\/\/www.crazy-bunny-ranch.de\/wp-content\/uploads\/2023\/10\/img1.jpg","contentUrl":"https:\/\/www.crazy-bunny-ranch.de\/wp-content\/uploads\/2023\/10\/img1.jpg"},{"@type":"BreadcrumbList","@id":"https:\/\/www.crazy-bunny-ranch.de\/#breadcrumb","itemListElement":[{"@type":"ListItem","position":1,"name":"Home","item":"https:\/\/www.crazy-bunny-ranch.de\/"},{"@type":"ListItem","position":2,"name":"Home"}]},{"@type":"WebSite","@id":"https:\/\/www.crazy-bunny-ranch.de\/#website","url":"https:\/\/www.crazy-bunny-ranch.de\/","name":"crazy bunny\u00a0ranch","description":"","publisher":{"@id":"https:\/\/www.crazy-bunny-ranch.de\/#organization"},"potentialAction":[{"@type":"SearchAction","target":{"@type":"EntryPoint","urlTemplate":"https:\/\/www.crazy-bunny-ranch.de\/?s={search_term_string}"},"query-input":{"@type":"PropertyValueSpecification","valueRequired":true,"valueName":"search_term_string"}}],"inLanguage":"es"},{"@type":"Organization","@id":"https:\/\/www.crazy-bunny-ranch.de\/#organization","name":"crazy bunny\u00a0ranch","url":"https:\/\/www.crazy-bunny-ranch.de\/","logo":{"@type":"ImageObject","inLanguage":"es","@id":"https:\/\/www.crazy-bunny-ranch.de\/#\/schema\/logo\/image\/","url":"https:\/\/www.crazy-bunny-ranch.de\/wp-content\/uploads\/2023\/10\/logo.png","contentUrl":"https:\/\/www.crazy-bunny-ranch.de\/wp-content\/uploads\/2023\/10\/logo.png","width":500,"height":377,"caption":"crazy bunny\u00a0ranch"},"image":{"@id":"https:\/\/www.crazy-bunny-ranch.de\/#\/schema\/logo\/image\/"}}]}},"_links":{"self":[{"href":"https:\/\/www.crazy-bunny-ranch.de\/es\/wp-json\/wp\/v2\/pages\/695","targetHints":{"allow":["GET"]}}],"collection":[{"href":"https:\/\/www.crazy-bunny-ranch.de\/es\/wp-json\/wp\/v2\/pages"}],"about":[{"href":"https:\/\/www.crazy-bunny-ranch.de\/es\/wp-json\/wp\/v2\/types\/page"}],"author":[{"embeddable":true,"href":"https:\/\/www.crazy-bunny-ranch.de\/es\/wp-json\/wp\/v2\/users\/4"}],"replies":[{"embeddable":true,"href":"https:\/\/www.crazy-bunny-ranch.de\/es\/wp-json\/wp\/v2\/comments?post=695"}],"version-history":[{"count":10,"href":"https:\/\/www.crazy-bunny-ranch.de\/es\/wp-json\/wp\/v2\/pages\/695\/revisions"}],"predecessor-version":[{"id":1518,"href":"https:\/\/www.crazy-bunny-ranch.de\/es\/wp-json\/wp\/v2\/pages\/695\/revisions\/1518"}],"wp:attachment":[{"href":"https:\/\/www.crazy-bunny-ranch.de\/es\/wp-json\/wp\/v2\/media?parent=695"}],"curies":[{"name":"wp","href":"https:\/\/api.w.org\/{rel}","templated":true}]}}